{"id":32964,"date":"2026-03-13T08:41:57","date_gmt":"2026-03-13T14:41:57","guid":{"rendered":"https:\/\/www.ausjal.org\/?page_id=32964"},"modified":"2026-03-13T08:42:32","modified_gmt":"2026-03-13T14:42:32","slug":"comunicacion-institucional-identidad-visual","status":"publish","type":"page","link":"https:\/\/www.ausjal.org\/pt\/comunicacion-institucional-identidad-visual\/","title":{"rendered":"Comunicaci\u00f3n Institucional Identidad Visual"},"content":{"rendered":"<div data-elementor-type=\"wp-page\" data-elementor-id=\"32964\" class=\"elementor elementor-32964\">\n\t\t\t\t<div class=\"wpr-jarallax elementor-element elementor-element-1e5ab13 e-con-full wpr-jarallax-yes e-flex wpr-particle-no wpr-parallax-no wpr-sticky-section-no e-con e-parent\" speed-data=\"1.4\" bg-image=\"https:\/\/www.ausjal.org\/wp-content\/uploads\/2024\/10\/biblio-1.jpg\" scroll-effect=\"scroll\" data-id=\"1e5ab13\" data-element_type=\"container\" data-settings=\"{&quot;background_background&quot;:&quot;classic&quot;}\">\n\t\t\t\t<div class=\"elementor-element elementor-element-68f03c5 elementor-widget elementor-widget-heading\" data-id=\"68f03c5\" data-element_type=\"widget\" data-widget_type=\"heading.default\">\n\t\t\t\t<div class=\"elementor-widget-container\">\n\t\t\t\t\t<h2 class=\"elementor-heading-title elementor-size-default\">Comunicaci\u00f3n Institucional<\/h2>\t\t\t\t<\/div>\n\t\t\t\t<\/div>\n\t\t\t\t<\/div>\n\t\t\t\t<section class=\"elementor-section elementor-top-section elementor-element elementor-element-a169a4b elementor-section-boxed elementor-section-height-default elementor-section-height-default wpr-particle-no wpr-jarallax-no wpr-parallax-no wpr-sticky-section-no\" data-id=\"a169a4b\" data-element_type=\"section\" data-settings=\"{&quot;background_background&quot;:&quot;gradient&quot;,&quot;shape_divider_bottom&quot;:&quot;tilt&quot;}\">\n\t\t\t\t\t\t\t<div class=\"elementor-background-overlay\"><\/div>\n\t\t\t\t\t\t<div class=\"elementor-shape elementor-shape-bottom\" data-negative=\"false\">\n\t\t\t<svg xmlns=\"http:\/\/www.w3.org\/2000\/svg\" viewbox=\"0 0 1000 100\" preserveaspectratio=\"none\">\n\t<path class=\"elementor-shape-fill\" d=\"M0,6V0h1000v100L0,6z\"\/>\n<\/svg>\t\t<\/div>\n\t\t\t\t\t<div class=\"elementor-container elementor-column-gap-extended\">\n\t\t\t\t\t<div class=\"elementor-column elementor-col-50 elementor-top-column elementor-element elementor-element-317aeae\" data-id=\"317aeae\" data-element_type=\"column\">\n\t\t\t<div class=\"elementor-widget-wrap elementor-element-populated\">\n\t\t\t\t\t\t<div class=\"elementor-element elementor-element-e4b84ce elementor-widget__width-auto elementor-absolute elementor-hidden-tablet elementor-hidden-mobile about-us-3-main elementor-invisible elementor-widget elementor-widget-edublink-animation\" data-id=\"e4b84ce\" data-element_type=\"widget\" data-settings=\"{&quot;_position&quot;:&quot;absolute&quot;,&quot;_animation&quot;:&quot;fadeIn&quot;,&quot;_animation_delay&quot;:500}\" data-widget_type=\"edublink-animation.default\">\n\t\t\t\t<div class=\"elementor-widget-container\">\n\t\t\t\t\t<div class=\"edublink-animation-widget edublink-animation-display-type-mouse-track edublink-animation-content-type-color edublink-mouse-track-item\"><span data-depth=\"\"><span class=\"edublink-animation-widget-color\"><\/span><\/span><\/div>\t\t\t\t<\/div>\n\t\t\t\t<\/div>\n\t\t\t\t<section class=\"elementor-section elementor-inner-section elementor-element elementor-element-0292ae4 elementor-section-full_width elementor-section-height-default elementor-section-height-default wpr-particle-no wpr-jarallax-no wpr-parallax-no wpr-sticky-section-no\" data-id=\"0292ae4\" data-element_type=\"section\">\n\t\t\t\t\t\t<div class=\"elementor-container elementor-column-gap-no\">\n\t\t\t\t\t<div class=\"elementor-column elementor-col-100 elementor-inner-column elementor-element elementor-element-4afc991 elementor-invisible\" data-id=\"4afc991\" data-element_type=\"column\" data-settings=\"{&quot;animation&quot;:&quot;edublink--slide-up&quot;,&quot;animation_delay&quot;:250}\">\n\t\t\t<div class=\"elementor-widget-wrap elementor-element-populated\">\n\t\t\t\t\t\t<div class=\"elementor-element elementor-element-c7e3082 elementor-invisible elementor-widget elementor-widget-edublink-heading\" data-id=\"c7e3082\" data-element_type=\"widget\" data-settings=\"{&quot;_animation&quot;:&quot;edublink--slide-up&quot;,&quot;_animation_delay&quot;:150}\" data-widget_type=\"edublink-heading.default\">\n\t\t\t\t<div class=\"elementor-widget-container\">\n\t\t\t\t\t<div class=\"edublink-section-heading\"><h3 class=\"heading\">Identidad  <mark class=\"edublink-color-primary\">Visual<\/mark> <\/h3><div class=\"title-shape\"><i class=\"icon-19\"><\/i><\/div><div class=\"sub-heading\"><p>Compartimos los recursos visuales que dan identidad a nuestra instituci\u00f3n. El \u00e1rea de Comunicaci\u00f3n e Informaci\u00f3n Institucional de AUSJAL es la responsable de velar por su correcta aplicaci\u00f3n.<\/p><p>En toda comunicaci\u00f3n externa, el isologotipo de AUSJAL es el elemento central de marca, asegurando que cada Red, Grupo,\u00a0 Proyecto o Iniciativa se identifique plenamente con la misi\u00f3n \u00fanica de nuestra instituci\u00f3n.<\/p><\/div><\/div>\t\t\t\t<\/div>\n\t\t\t\t<\/div>\n\t\t\t\t\t<\/div>\n\t\t<\/div>\n\t\t\t\t\t<\/div>\n\t\t<\/section>\n\t\t\t\t\t<\/div>\n\t\t<\/div>\n\t\t\t\t<div class=\"elementor-column elementor-col-50 elementor-top-column elementor-element elementor-element-df51a20\" data-id=\"df51a20\" data-element_type=\"column\">\n\t\t\t<div class=\"elementor-widget-wrap elementor-element-populated\">\n\t\t\t\t\t\t<section class=\"elementor-section elementor-inner-section elementor-element elementor-element-b54543a elementor-section-full_width elementor-section-height-default elementor-section-height-default wpr-particle-no wpr-jarallax-no wpr-parallax-no wpr-sticky-section-no\" data-id=\"b54543a\" data-element_type=\"section\">\n\t\t\t\t\t\t<div class=\"elementor-container elementor-column-gap-no\">\n\t\t\t\t\t<div class=\"elementor-column elementor-col-50 elementor-inner-column elementor-element elementor-element-9a2d2be\" data-id=\"9a2d2be\" data-element_type=\"column\">\n\t\t\t<div class=\"elementor-widget-wrap elementor-element-populated\">\n\t\t\t\t\t\t<div class=\"elementor-element elementor-element-9d00436 elementor-widget__width-auto elementor-absolute elementor-hidden-tablet elementor-hidden-mobile elementor-invisible elementor-widget elementor-widget-edublink-animation\" data-id=\"9d00436\" data-element_type=\"widget\" data-settings=\"{&quot;_position&quot;:&quot;absolute&quot;,&quot;_animation&quot;:&quot;fadeIn&quot;,&quot;_animation_delay&quot;:500}\" data-widget_type=\"edublink-animation.default\">\n\t\t\t\t<div class=\"elementor-widget-container\">\n\t\t\t\t\t<div class=\"edublink-animation-widget edublink-animation-display-type-mouse-track edublink-animation-content-type-image edublink-mouse-track-item\"><span data-depth=\"2\"><img decoding=\"async\" src=\"https:\/\/demo.edublink.co\/wp-content\/uploads\/2023\/07\/shape-33.png\" alt=\"\"><\/span><\/div>\t\t\t\t<\/div>\n\t\t\t\t<\/div>\n\t\t\t\t<div class=\"elementor-element elementor-element-e908edd elementor-widget__width-auto elementor-absolute elementor-hidden-tablet elementor-hidden-mobile elementor-invisible elementor-widget elementor-widget-edublink-animation\" data-id=\"e908edd\" data-element_type=\"widget\" data-settings=\"{&quot;_position&quot;:&quot;absolute&quot;,&quot;_animation&quot;:&quot;fadeIn&quot;,&quot;_animation_delay&quot;:500}\" data-widget_type=\"edublink-animation.default\">\n\t\t\t\t<div class=\"elementor-widget-container\">\n\t\t\t\t\t<div class=\"edublink-animation-widget edublink-animation-display-type-mouse-track edublink-animation-content-type-image edublink-mouse-track-item\"><span data-depth=\"-2\"><img decoding=\"async\" src=\"https:\/\/www.ausjal.org\/wp-content\/uploads\/2024\/09\/a-shape-03-1.png\" alt=\"a-shape-03-1\"><\/span><\/div>\t\t\t\t<\/div>\n\t\t\t\t<\/div>\n\t\t\t\t\t<\/div>\n\t\t<\/div>\n\t\t\t\t<div class=\"elementor-column elementor-col-50 elementor-inner-column elementor-element elementor-element-c7ad107\" data-id=\"c7ad107\" data-element_type=\"column\">\n\t\t\t<div class=\"elementor-widget-wrap elementor-element-populated\">\n\t\t\t\t\t\t<div class=\"elementor-element elementor-element-ca073e3 elementor-invisible elementor-widget elementor-widget-image\" data-id=\"ca073e3\" data-element_type=\"widget\" data-settings=\"{&quot;_animation&quot;:&quot;edublink--slide-down&quot;,&quot;_animation_delay&quot;:50}\" data-widget_type=\"image.default\">\n\t\t\t\t<div class=\"elementor-widget-container\">\n\t\t\t\t\t\t\t\t\t\t\t\t\t\t\t<img fetchpriority=\"high\" decoding=\"async\" width=\"367\" height=\"450\" src=\"https:\/\/www.ausjal.org\/wp-content\/uploads\/2024\/11\/filosofia.jpg\" class=\"attachment-full size-full wp-image-29119\" alt=\"\" srcset=\"https:\/\/www.ausjal.org\/wp-content\/uploads\/2024\/11\/filosofia.jpg 367w, https:\/\/www.ausjal.org\/wp-content\/uploads\/2024\/11\/filosofia-245x300.jpg 245w\" sizes=\"(max-width: 367px) 100vw, 367px\" \/>\t\t\t\t\t\t\t\t\t\t\t\t\t\t\t<\/div>\n\t\t\t\t<\/div>\n\t\t\t\t\t<\/div>\n\t\t<\/div>\n\t\t\t\t\t<\/div>\n\t\t<\/section>\n\t\t\t\t\t<\/div>\n\t\t<\/div>\n\t\t\t\t\t<\/div>\n\t\t<\/section>\n\t\t<div class=\"elementor-element elementor-element-746c748 e-flex e-con-boxed wpr-particle-no wpr-jarallax-no wpr-parallax-no wpr-sticky-section-no e-con e-parent\" data-id=\"746c748\" data-element_type=\"container\" data-settings=\"{&quot;background_background&quot;:&quot;classic&quot;}\">\n\t\t\t\t\t<div class=\"e-con-inner\">\n\t\t<div class=\"elementor-element elementor-element-e91ba1e e-con-full e-flex wpr-particle-no wpr-jarallax-no wpr-parallax-no wpr-sticky-section-no e-con e-child\" data-id=\"e91ba1e\" data-element_type=\"container\">\n\t\t\t\t<div class=\"elementor-element elementor-element-945f1a1 elementor-invisible elementor-widget elementor-widget-edublink-heading\" data-id=\"945f1a1\" data-element_type=\"widget\" data-settings=\"{&quot;_animation&quot;:&quot;edublink--slide-up&quot;,&quot;_animation_delay&quot;:150}\" data-widget_type=\"edublink-heading.default\">\n\t\t\t\t<div class=\"elementor-widget-container\">\n\t\t\t\t\t<div class=\"edublink-section-heading\"><h3 class=\"heading\">Identidad 40 A\u00f1os<\/h3><div class=\"title-shape\"><i class=\"icon-19\"><\/i><\/div><div class=\"sub-heading\"><p>Durante el a\u00f1o del 40 Aniversario de nuestra instituci\u00f3n se utilizar\u00e1 un isologotipo especialmente creado.<\/p><\/div><\/div>\t\t\t\t<\/div>\n\t\t\t\t<\/div>\n\t\t\t\t<div class=\"elementor-element elementor-element-549a7ab elementor-widget elementor-widget-edublink-button\" data-id=\"549a7ab\" data-element_type=\"widget\" data-widget_type=\"edublink-button.default\">\n\t\t\t\t<div class=\"elementor-widget-container\">\n\t\t\t\t\t<div class=\"edublink-button-widget-wrapper\"><a class=\"edublink-button-item edublink-button-style-default edublink-button-size-custom edublink-button-icon-position-after default-style\" href=\"https:\/\/iberomx-my.sharepoint.com\/:f:\/g\/personal\/comunicacionausjal_ibero_mx\/IgAteLuNM7rpT63mqLph7ndSAWPKtiJWeSjgra6xz_iBC8s?e=Lk7e7g\">Descarga la versi\u00f3n en curvas<i class=\"icon-4\"><\/i><\/a><\/div>\t\t\t\t<\/div>\n\t\t\t\t<\/div>\n\t\t\t\t<div class=\"elementor-element elementor-element-cd94e08 elementor-widget__width-auto elementor-absolute elementor-hidden-tablet elementor-hidden-mobile elementor-invisible elementor-widget elementor-widget-edublink-animation\" data-id=\"cd94e08\" data-element_type=\"widget\" data-settings=\"{&quot;_position&quot;:&quot;absolute&quot;,&quot;_animation&quot;:&quot;fadeIn&quot;,&quot;_animation_delay&quot;:500}\" data-widget_type=\"edublink-animation.default\">\n\t\t\t\t<div class=\"elementor-widget-container\">\n\t\t\t\t\t<div class=\"edublink-animation-widget edublink-animation-display-type-infinite-animation edublink-animation-content-type-image\"><img decoding=\"async\" src=\"https:\/\/devsedu.softatomic.com\/wp-content\/uploads\/2023\/05\/shape-13.png\" alt=\"\"><\/div>\t\t\t\t<\/div>\n\t\t\t\t<\/div>\n\t\t\t\t<\/div>\n\t\t<div class=\"elementor-element elementor-element-b1eedfc e-con-full e-flex wpr-particle-no wpr-jarallax-no wpr-parallax-no wpr-sticky-section-no e-con e-child\" data-id=\"b1eedfc\" data-element_type=\"container\">\n\t\t\t\t<div class=\"elementor-element elementor-element-9dbb2bc elementor-widget elementor-widget-image\" data-id=\"9dbb2bc\" data-element_type=\"widget\" data-widget_type=\"image.default\">\n\t\t\t\t<div class=\"elementor-widget-container\">\n\t\t\t\t\t\t\t\t\t\t\t\t\t\t\t<img decoding=\"async\" width=\"148\" height=\"176\" src=\"https:\/\/www.ausjal.org\/wp-content\/uploads\/2026\/03\/Logo-Ausjal-40A.png\" class=\"attachment-large size-large wp-image-32968\" alt=\"\" srcset=\"https:\/\/www.ausjal.org\/wp-content\/uploads\/2026\/03\/Logo-Ausjal-40A.png 148w, https:\/\/www.ausjal.org\/wp-content\/uploads\/2026\/03\/Logo-Ausjal-40A-10x12.png 10w\" sizes=\"(max-width: 148px) 100vw, 148px\" \/>\t\t\t\t\t\t\t\t\t\t\t\t\t\t\t<\/div>\n\t\t\t\t<\/div>\n\t\t\t\t<\/div>\n\t\t\t\t<div class=\"elementor-element elementor-element-c43b11d elementor-widget__width-initial elementor-absolute elementor-hidden-tablet elementor-hidden-mobile elementor-invisible elementor-widget elementor-widget-edublink-animation\" data-id=\"c43b11d\" data-element_type=\"widget\" data-settings=\"{&quot;_position&quot;:&quot;absolute&quot;,&quot;_animation&quot;:&quot;fadeIn&quot;,&quot;_animation_delay&quot;:500}\" data-widget_type=\"edublink-animation.default\">\n\t\t\t\t<div class=\"elementor-widget-container\">\n\t\t\t\t\t<div class=\"edublink-animation-widget edublink-animation-display-type-mouse-track edublink-animation-content-type-image edublink-mouse-track-item\"><span data-depth=\"2\"><img decoding=\"async\" src=\"https:\/\/www.ausjal.org\/wp-content\/uploads\/2024\/09\/a-shape-03-1.png\" alt=\"a-shape-03-1\"><\/span><\/div>\t\t\t\t<\/div>\n\t\t\t\t<\/div>\n\t\t\t\t\t<\/div>\n\t\t\t\t<\/div>\n\t\t<div class=\"elementor-element elementor-element-fd7f70f e-flex e-con-boxed wpr-particle-no wpr-jarallax-no wpr-parallax-no wpr-sticky-section-no e-con e-parent\" data-id=\"fd7f70f\" data-element_type=\"container\">\n\t\t\t\t\t<div class=\"e-con-inner\">\n\t\t\t\t<div class=\"elementor-element elementor-element-7247392 elementor-widget elementor-widget-text-editor\" data-id=\"7247392\" data-element_type=\"widget\" data-widget_type=\"text-editor.default\">\n\t\t\t\t<div class=\"elementor-widget-container\">\n\t\t\t\t\t\t\t\t\t<p>Elige el isologotipo y desc\u00e1rgalo.<\/p>\t\t\t\t\t\t\t\t<\/div>\n\t\t\t\t<\/div>\n\t\t\t\t<div class=\"elementor-element elementor-element-6224347 elementor-widget elementor-widget-edublink-team\" data-id=\"6224347\" data-element_type=\"widget\" data-widget_type=\"edublink-team.default\">\n\t\t\t\t<div class=\"elementor-widget-container\">\n\t\t\t\t\t<div class=\"eb-team-wrapper\"><div class=\"eb-team-container eb-team-grid edublink-row\"><div class=\"edublink-team-1-widget edublink-col-lg-2 edublink-col-md-6 edublink-col-sm-12\" data-sal=\"\"><div class=\"edublink-team-item\"><div class=\"thumbnail-wrap\"><div class=\"thumbnail\"><a href=\"https:\/\/iberomx-my.sharepoint.com\/:i:\/g\/personal\/comunicacionausjal_ibero_mx\/IQCqQnB992deRp9lizjgAUjKAUx9LuAbu-u5XPeXOE52aR4?e=VNaaoP\"><img decoding=\"async\" src=\"https:\/\/www.ausjal.org\/wp-content\/uploads\/2026\/03\/Logo-AUSJAL-1.png\" alt=\"Logo AUSJAL 1\"><\/a><\/div><\/div><div class=\"content\"><\/div><\/div><\/div><div class=\"edublink-team-1-widget edublink-col-lg-2 edublink-col-md-6 edublink-col-sm-12\" data-sal=\"\"><div class=\"edublink-team-item\"><div class=\"thumbnail-wrap\"><div class=\"thumbnail\"><a href=\"https:\/\/iberomx-my.sharepoint.com\/:i:\/g\/personal\/comunicacionausjal_ibero_mx\/IQC9cvtObwujTK7qiCPH9kGJAZzJSHOd-QnDsaxIQe33bhw?e=vUM0Pg\"><img decoding=\"async\" src=\"https:\/\/www.ausjal.org\/wp-content\/uploads\/2026\/03\/Logo-AUSJAL-8.png\" alt=\"Logo AUSJAL 8\"><\/a><\/div><\/div><div class=\"content\"><\/div><\/div><\/div><div class=\"edublink-team-1-widget edublink-col-lg-2 edublink-col-md-6 edublink-col-sm-12\" data-sal=\"\"><div class=\"edublink-team-item\"><div class=\"thumbnail-wrap\"><div class=\"thumbnail\"><a href=\"https:\/\/iberomx-my.sharepoint.com\/:i:\/g\/personal\/comunicacionausjal_ibero_mx\/IQAbY9KLjXuzRpnyaw51GF52AekJVSDZCGJfWJsjR5mIl8U?e=6qIdPX\"><img decoding=\"async\" src=\"https:\/\/www.ausjal.org\/wp-content\/uploads\/2026\/03\/Logo-AUSJAL-3.png\" alt=\"Logo AUSJAL 3\"><\/a><\/div><\/div><div class=\"content\"><\/div><\/div><\/div><div class=\"edublink-team-1-widget edublink-col-lg-2 edublink-col-md-6 edublink-col-sm-12\" data-sal=\"\"><div class=\"edublink-team-item\"><div class=\"thumbnail-wrap\"><div class=\"thumbnail\"><a href=\"https:\/\/iberomx-my.sharepoint.com\/:i:\/g\/personal\/comunicacionausjal_ibero_mx\/IQAESVFp8taQRYlK2aFYcpP6ASLJuuCNRJ9xPxejPjNE4ss?e=B2Tg6A\"><img decoding=\"async\" src=\"https:\/\/www.ausjal.org\/wp-content\/uploads\/2026\/03\/Logo-AUSJAL-5.png\" alt=\"Logo AUSJAL 5\"><\/a><\/div><\/div><div class=\"content\"><\/div><\/div><\/div><\/div><\/div>\t\t\t\t<\/div>\n\t\t\t\t<\/div>\n\t\t\t\t<div class=\"elementor-element elementor-element-82c9746 elementor-widget elementor-widget-edublink-team\" data-id=\"82c9746\" data-element_type=\"widget\" data-widget_type=\"edublink-team.default\">\n\t\t\t\t<div class=\"elementor-widget-container\">\n\t\t\t\t\t<div class=\"eb-team-wrapper\"><div class=\"eb-team-container eb-team-grid edublink-row\"><div class=\"edublink-team-1-widget edublink-col-lg-2 edublink-col-md-6 edublink-col-sm-12\" data-sal=\"\"><div class=\"edublink-team-item\"><div class=\"thumbnail-wrap\"><div class=\"thumbnail\"><a href=\"https:\/\/iberomx-my.sharepoint.com\/:i:\/g\/personal\/comunicacionausjal_ibero_mx\/IQCqQnB992deRp9lizjgAUjKAUx9LuAbu-u5XPeXOE52aR4?e=VNaaoP\"><img decoding=\"async\" src=\"https:\/\/www.ausjal.org\/wp-content\/uploads\/2026\/03\/Logo-AUSJAL-2.png\" alt=\"Logo AUSJAL 2\"><\/a><\/div><\/div><div class=\"content\"><\/div><\/div><\/div><div class=\"edublink-team-1-widget edublink-col-lg-2 edublink-col-md-6 edublink-col-sm-12\" data-sal=\"\"><div class=\"edublink-team-item\"><div class=\"thumbnail-wrap\"><div class=\"thumbnail\"><a href=\"https:\/\/iberomx-my.sharepoint.com\/:i:\/g\/personal\/comunicacionausjal_ibero_mx\/IQAaPn_Y5eg7TpILhJJa4JwXAUatWEeMeZePevwuj7_IsPs?e=W4RQ6R\"><img decoding=\"async\" src=\"https:\/\/www.ausjal.org\/wp-content\/uploads\/2026\/03\/Logo-AUSJAL-9.png\" alt=\"Logo AUSJAL 9\"><\/a><\/div><\/div><div class=\"content\"><\/div><\/div><\/div><div class=\"edublink-team-1-widget edublink-col-lg-2 edublink-col-md-6 edublink-col-sm-12\" data-sal=\"\"><div class=\"edublink-team-item\"><div class=\"thumbnail-wrap\"><div class=\"thumbnail\"><a href=\"https:\/\/iberomx-my.sharepoint.com\/:i:\/g\/personal\/comunicacionausjal_ibero_mx\/IQCSYf-_NFJwSamxll5srzD4AYF_Dd6iPSAbT8eNmwBWH_U?e=HaoKrX\"><img decoding=\"async\" src=\"https:\/\/www.ausjal.org\/wp-content\/uploads\/2026\/03\/Logo-AUSJAL-4.png\" alt=\"Logo AUSJAL 4\"><\/a><\/div><\/div><div class=\"content\"><\/div><\/div><\/div><div class=\"edublink-team-1-widget edublink-col-lg-2 edublink-col-md-6 edublink-col-sm-12\" data-sal=\"\"><div class=\"edublink-team-item\"><div class=\"thumbnail-wrap\"><div class=\"thumbnail\"><a href=\"https:\/\/iberomx-my.sharepoint.com\/:i:\/g\/personal\/comunicacionausjal_ibero_mx\/IQAktAWzT9M1S4WgXq6HVaswAReUv0EDDd5ee3uqlUk6XQ8?e=gtV0OU\"><img decoding=\"async\" src=\"https:\/\/www.ausjal.org\/wp-content\/uploads\/2026\/03\/Logo-AUSJAL-6.png\" alt=\"Logo AUSJAL 6\"><\/a><\/div><\/div><div class=\"content\"><\/div><\/div><\/div><\/div><\/div>\t\t\t\t<\/div>\n\t\t\t\t<\/div>\n\t\t\t\t\t<\/div>\n\t\t\t\t<\/div>\n\t\t\t\t<\/div>","protected":false},"excerpt":{"rendered":"<p>Comunicaci\u00f3n Institucional Identidad Visual Compartimos los recursos visuales que dan identidad a nuestra instituci\u00f3n. El \u00e1rea de Comunicaci\u00f3n e Informaci\u00f3n&#8230;<\/p>","protected":false},"author":4,"featured_media":0,"parent":0,"menu_order":0,"comment_status":"closed","ping_status":"closed","template":"","meta":{"cybocfi_hide_featured_image":"","footnotes":""},"class_list":["post-32964","page","type-page","status-publish","hentry"],"_links":{"self":[{"href":"https:\/\/www.ausjal.org\/pt\/wp-json\/wp\/v2\/pages\/32964","targetHints":{"allow":["GET"]}}],"collection":[{"href":"https:\/\/www.ausjal.org\/pt\/wp-json\/wp\/v2\/pages"}],"about":[{"href":"https:\/\/www.ausjal.org\/pt\/wp-json\/wp\/v2\/types\/page"}],"author":[{"embeddable":true,"href":"https:\/\/www.ausjal.org\/pt\/wp-json\/wp\/v2\/users\/4"}],"replies":[{"embeddable":true,"href":"https:\/\/www.ausjal.org\/pt\/wp-json\/wp\/v2\/comments?post=32964"}],"version-history":[{"count":18,"href":"https:\/\/www.ausjal.org\/pt\/wp-json\/wp\/v2\/pages\/32964\/revisions"}],"predecessor-version":[{"id":32995,"href":"https:\/\/www.ausjal.org\/pt\/wp-json\/wp\/v2\/pages\/32964\/revisions\/32995"}],"wp:attachment":[{"href":"https:\/\/www.ausjal.org\/pt\/wp-json\/wp\/v2\/media?parent=32964"}],"curies":[{"name":"wp","href":"https:\/\/api.w.org\/{rel}","templated":true}]}}