{"id":27354,"date":"2024-11-03T23:23:38","date_gmt":"2024-11-04T04:23:38","guid":{"rendered":"https:\/\/develop.ibero.mx\/ausjalorg\/?page_id=27354"},"modified":"2025-12-01T06:14:49","modified_gmt":"2025-12-01T12:14:49","slug":"carta-de-ausjal","status":"publish","type":"page","link":"https:\/\/www.ausjal.org\/pt\/carta-de-ausjal\/","title":{"rendered":"Carta da AUSJAL"},"content":{"rendered":"<div data-elementor-type=\"wp-page\" data-elementor-id=\"27354\" class=\"elementor elementor-27354\">\n\t\t\t\t<div class=\"wpr-jarallax elementor-element elementor-element-1e5ab13 e-con-full wpr-jarallax-yes e-flex wpr-particle-no wpr-parallax-no wpr-sticky-section-no e-con e-parent\" speed-data=\"1.4\" bg-image=\"https:\/\/www.ausjal.org\/wp-content\/uploads\/2024\/11\/carta-ausjal-2.jpg\" scroll-effect=\"scroll\" data-id=\"1e5ab13\" data-element_type=\"container\" data-settings=\"{&quot;background_background&quot;:&quot;classic&quot;}\">\n\t\t\t\t<div class=\"elementor-element elementor-element-68f03c5 elementor-widget elementor-widget-heading\" data-id=\"68f03c5\" data-element_type=\"widget\" data-widget_type=\"heading.default\">\n\t\t\t\t<div class=\"elementor-widget-container\">\n\t\t\t\t\t<h2 class=\"elementor-heading-title elementor-size-default\">Carta da AUSJAL<\/h2>\t\t\t\t<\/div>\n\t\t\t\t<\/div>\n\t\t\t\t<\/div>\n\t\t\t\t<section class=\"elementor-section elementor-top-section elementor-element elementor-element-a169a4b elementor-section-boxed elementor-section-height-default elementor-section-height-default wpr-particle-no wpr-jarallax-no wpr-parallax-no wpr-sticky-section-no\" data-id=\"a169a4b\" data-element_type=\"section\" data-settings=\"{&quot;background_background&quot;:&quot;gradient&quot;,&quot;shape_divider_bottom&quot;:&quot;tilt&quot;}\">\n\t\t\t\t\t\t\t<div class=\"elementor-background-overlay\"><\/div>\n\t\t\t\t\t\t<div class=\"elementor-shape elementor-shape-bottom\" data-negative=\"false\">\n\t\t\t<svg xmlns=\"http:\/\/www.w3.org\/2000\/svg\" viewbox=\"0 0 1000 100\" preserveaspectratio=\"none\">\n\t<path class=\"elementor-shape-fill\" d=\"M0,6V0h1000v100L0,6z\"\/>\n<\/svg>\t\t<\/div>\n\t\t\t\t\t<div class=\"elementor-container elementor-column-gap-extended\">\n\t\t\t\t\t<div class=\"elementor-column elementor-col-50 elementor-top-column elementor-element elementor-element-317aeae\" data-id=\"317aeae\" data-element_type=\"column\">\n\t\t\t<div class=\"elementor-widget-wrap elementor-element-populated\">\n\t\t\t\t\t\t<div class=\"elementor-element elementor-element-e4b84ce elementor-widget__width-auto elementor-absolute elementor-hidden-tablet elementor-hidden-mobile about-us-3-main elementor-invisible elementor-widget elementor-widget-edublink-animation\" data-id=\"e4b84ce\" data-element_type=\"widget\" data-settings=\"{&quot;_position&quot;:&quot;absolute&quot;,&quot;_animation&quot;:&quot;fadeIn&quot;,&quot;_animation_delay&quot;:500}\" data-widget_type=\"edublink-animation.default\">\n\t\t\t\t<div class=\"elementor-widget-container\">\n\t\t\t\t\t<div class=\"edublink-animation-widget edublink-animation-display-type-mouse-track edublink-animation-content-type-color edublink-mouse-track-item\"><span data-depth=\"\"><span class=\"edublink-animation-widget-color\"><\/span><\/span><\/div>\t\t\t\t<\/div>\n\t\t\t\t<\/div>\n\t\t\t\t<section class=\"elementor-section elementor-inner-section elementor-element elementor-element-0292ae4 elementor-section-full_width elementor-section-height-default elementor-section-height-default wpr-particle-no wpr-jarallax-no wpr-parallax-no wpr-sticky-section-no\" data-id=\"0292ae4\" data-element_type=\"section\">\n\t\t\t\t\t\t<div class=\"elementor-container elementor-column-gap-no\">\n\t\t\t\t\t<div class=\"elementor-column elementor-col-100 elementor-inner-column elementor-element elementor-element-4afc991 elementor-invisible\" data-id=\"4afc991\" data-element_type=\"column\" data-settings=\"{&quot;animation&quot;:&quot;edublink--slide-up&quot;,&quot;animation_delay&quot;:250}\">\n\t\t\t<div class=\"elementor-widget-wrap elementor-element-populated\">\n\t\t\t\t\t\t<div class=\"elementor-element elementor-element-c7e3082 elementor-invisible elementor-widget elementor-widget-edublink-heading\" data-id=\"c7e3082\" data-element_type=\"widget\" data-settings=\"{&quot;_animation&quot;:&quot;edublink--slide-up&quot;,&quot;_animation_delay&quot;:150}\" data-widget_type=\"edublink-heading.default\">\n\t\t\t\t<div class=\"elementor-widget-container\">\n\t\t\t\t\t<div class=\"edublink-section-heading\"><h3 class=\"heading\">Nuestra<mark class=\"edublink-color-primary\"> revista digital<\/mark> <\/h3><div class=\"title-shape\"><i class=\"icon-19\"><\/i><\/div><\/div>\t\t\t\t<\/div>\n\t\t\t\t<\/div>\n\t\t\t\t\t<\/div>\n\t\t<\/div>\n\t\t\t\t\t<\/div>\n\t\t<\/section>\n\t\t\t\t\t<\/div>\n\t\t<\/div>\n\t\t\t\t<div class=\"elementor-column elementor-col-50 elementor-top-column elementor-element elementor-element-df51a20\" data-id=\"df51a20\" data-element_type=\"column\">\n\t\t\t<div class=\"elementor-widget-wrap elementor-element-populated\">\n\t\t\t\t\t\t<section class=\"elementor-section elementor-inner-section elementor-element elementor-element-b54543a elementor-section-full_width elementor-section-height-default elementor-section-height-default wpr-particle-no wpr-jarallax-no wpr-parallax-no wpr-sticky-section-no\" data-id=\"b54543a\" data-element_type=\"section\">\n\t\t\t\t\t\t<div class=\"elementor-container elementor-column-gap-no\">\n\t\t\t\t\t<div class=\"elementor-column elementor-col-100 elementor-inner-column elementor-element elementor-element-9a2d2be\" data-id=\"9a2d2be\" data-element_type=\"column\">\n\t\t\t<div class=\"elementor-widget-wrap elementor-element-populated\">\n\t\t\t\t\t\t<div class=\"elementor-element elementor-element-e908edd elementor-widget__width-auto elementor-absolute elementor-hidden-tablet elementor-hidden-mobile elementor-invisible elementor-widget elementor-widget-edublink-animation\" data-id=\"e908edd\" data-element_type=\"widget\" data-settings=\"{&quot;_position&quot;:&quot;absolute&quot;,&quot;_animation&quot;:&quot;fadeIn&quot;,&quot;_animation_delay&quot;:500}\" data-widget_type=\"edublink-animation.default\">\n\t\t\t\t<div class=\"elementor-widget-container\">\n\t\t\t\t\t<div class=\"edublink-animation-widget edublink-animation-display-type-mouse-track edublink-animation-content-type-image edublink-mouse-track-item\"><span data-depth=\"-2\"><img decoding=\"async\" src=\"https:\/\/www.ausjal.org\/wp-content\/uploads\/2024\/09\/a-shape-03-1.png\" alt=\"a-shape-03-1\"><\/span><\/div>\t\t\t\t<\/div>\n\t\t\t\t<\/div>\n\t\t\t\t<div class=\"elementor-element elementor-element-393ebec elementor-widget elementor-widget-heading\" data-id=\"393ebec\" data-element_type=\"widget\" data-widget_type=\"heading.default\">\n\t\t\t\t<div class=\"elementor-widget-container\">\n\t\t\t\t\t<span class=\"elementor-heading-title elementor-size-default\">Una publicaci\u00f3n reflexiva que analiza el contexto de las universidades jesuitas desde diversas perspectivas. Su formato electr\u00f3nico permite una amplia difusi\u00f3n en Am\u00e9rica Latina y atrae lectores en Estados Unidos, Europa y otras regiones.<\/span>\t\t\t\t<\/div>\n\t\t\t\t<\/div>\n\t\t\t\t\t<\/div>\n\t\t<\/div>\n\t\t\t\t\t<\/div>\n\t\t<\/section>\n\t\t\t\t\t<\/div>\n\t\t<\/div>\n\t\t\t\t\t<\/div>\n\t\t<\/section>\n\t\t<div class=\"elementor-element elementor-element-5623ead e-flex e-con-boxed wpr-particle-no wpr-jarallax-no wpr-parallax-no wpr-sticky-section-no e-con e-parent\" data-id=\"5623ead\" data-element_type=\"container\" data-settings=\"{&quot;background_background&quot;:&quot;classic&quot;}\">\n\t\t\t\t\t<div class=\"e-con-inner\">\n\t\t<div class=\"elementor-element elementor-element-092ee16 e-con-full e-flex wpr-particle-no wpr-jarallax-no wpr-parallax-no wpr-sticky-section-no e-con e-child\" data-id=\"092ee16\" data-element_type=\"container\">\n\t\t\t\t<div class=\"elementor-element elementor-element-f575377 elementor-invisible elementor-widget elementor-widget-edublink-heading\" data-id=\"f575377\" data-element_type=\"widget\" data-settings=\"{&quot;_animation&quot;:&quot;edublink--slide-up&quot;,&quot;_animation_delay&quot;:150}\" data-widget_type=\"edublink-heading.default\">\n\t\t\t\t<div class=\"elementor-widget-container\">\n\t\t\t\t\t<div class=\"edublink-section-heading\"><h3 class=\"heading\">\u00daltima edici\u00f3n,  <mark class=\"edublink-color-primary\"> n\u00famero 58<\/mark><\/h3><div class=\"title-shape\"><i class=\"icon-19\"><\/i><\/div><\/div>\t\t\t\t<\/div>\n\t\t\t\t<\/div>\n\t\t\t\t<div class=\"elementor-element elementor-element-3c52f73 elementor-widget elementor-widget-text-editor\" data-id=\"3c52f73\" data-element_type=\"widget\" data-widget_type=\"text-editor.default\">\n\t\t\t\t<div class=\"elementor-widget-container\">\n\t\t\t\t\t\t\t\t\t<p>En este n\u00famero, exploramos\u00a0 voces, testimonios y art\u00edculos que celebran y ponen en valor 40 a\u00f1os de misi\u00f3n, colaboraci\u00f3n y generosidad .\u00a0<\/p>\t\t\t\t\t\t\t\t<\/div>\n\t\t\t\t<\/div>\n\t\t\t\t<div class=\"elementor-element elementor-element-ac5464c elementor-widget elementor-widget-edublink-button\" data-id=\"ac5464c\" data-element_type=\"widget\" data-widget_type=\"edublink-button.default\">\n\t\t\t\t<div class=\"elementor-widget-container\">\n\t\t\t\t\t<div class=\"edublink-button-widget-wrapper\"><a class=\"edublink-button-item edublink-button-style-default edublink-button-size-custom edublink-button-icon-position-after default-style\" href=\"https:\/\/isu.pub\/u5O8Qfe\" target=\"_blank\">Leer revista<i class=\"icon-4\"><\/i><\/a><\/div>\t\t\t\t<\/div>\n\t\t\t\t<\/div>\n\t\t\t\t<div class=\"elementor-element elementor-element-18086a4 elementor-widget__width-auto elementor-absolute elementor-hidden-tablet elementor-hidden-mobile elementor-invisible elementor-widget elementor-widget-edublink-animation\" data-id=\"18086a4\" data-element_type=\"widget\" data-settings=\"{&quot;_position&quot;:&quot;absolute&quot;,&quot;_animation&quot;:&quot;fadeIn&quot;,&quot;_animation_delay&quot;:500}\" data-widget_type=\"edublink-animation.default\">\n\t\t\t\t<div class=\"elementor-widget-container\">\n\t\t\t\t\t<div class=\"edublink-animation-widget edublink-animation-display-type-infinite-animation edublink-animation-content-type-image\"><img decoding=\"async\" src=\"https:\/\/devsedu.softatomic.com\/wp-content\/uploads\/2023\/05\/shape-13.png\" alt=\"\"><\/div>\t\t\t\t<\/div>\n\t\t\t\t<\/div>\n\t\t\t\t<\/div>\n\t\t<div class=\"elementor-element elementor-element-50121e1 e-con-full e-flex wpr-particle-no wpr-jarallax-no wpr-parallax-no wpr-sticky-section-no e-con e-child\" data-id=\"50121e1\" data-element_type=\"container\">\n\t\t\t\t<div class=\"elementor-element elementor-element-457b6c5 elementor-widget__width-initial elementor-widget elementor-widget-image\" data-id=\"457b6c5\" data-element_type=\"widget\" data-widget_type=\"image.default\">\n\t\t\t\t<div class=\"elementor-widget-container\">\n\t\t\t\t\t\t\t\t\t\t\t\t\t\t\t<img fetchpriority=\"high\" decoding=\"async\" width=\"212\" height=\"300\" src=\"https:\/\/www.ausjal.org\/wp-content\/uploads\/2025\/12\/Carta-AUSJAL-58.pdf-212x300.jpg\" class=\"attachment-medium size-medium wp-image-32652\" alt=\"\" srcset=\"https:\/\/www.ausjal.org\/wp-content\/uploads\/2025\/12\/Carta-AUSJAL-58.pdf-212x300.jpg 212w, https:\/\/www.ausjal.org\/wp-content\/uploads\/2025\/12\/Carta-AUSJAL-58.pdf-724x1024.jpg 724w, https:\/\/www.ausjal.org\/wp-content\/uploads\/2025\/12\/Carta-AUSJAL-58.pdf-768x1086.jpg 768w, https:\/\/www.ausjal.org\/wp-content\/uploads\/2025\/12\/Carta-AUSJAL-58.pdf-1086x1536.jpg 1086w, https:\/\/www.ausjal.org\/wp-content\/uploads\/2025\/12\/Carta-AUSJAL-58.pdf-8x12.jpg 8w, https:\/\/www.ausjal.org\/wp-content\/uploads\/2025\/12\/Carta-AUSJAL-58.pdf.jpg 1414w\" sizes=\"(max-width: 212px) 100vw, 212px\" \/>\t\t\t\t\t\t\t\t\t\t\t\t\t\t\t<\/div>\n\t\t\t\t<\/div>\n\t\t\t\t<\/div>\n\t\t\t\t<div class=\"elementor-element elementor-element-4b5e6fb elementor-widget__width-initial elementor-absolute elementor-hidden-tablet elementor-hidden-mobile elementor-invisible elementor-widget elementor-widget-edublink-animation\" data-id=\"4b5e6fb\" data-element_type=\"widget\" data-settings=\"{&quot;_position&quot;:&quot;absolute&quot;,&quot;_animation&quot;:&quot;fadeIn&quot;,&quot;_animation_delay&quot;:500}\" data-widget_type=\"edublink-animation.default\">\n\t\t\t\t<div class=\"elementor-widget-container\">\n\t\t\t\t\t<div class=\"edublink-animation-widget edublink-animation-display-type-mouse-track edublink-animation-content-type-image edublink-mouse-track-item\"><span data-depth=\"2\"><img decoding=\"async\" src=\"https:\/\/www.ausjal.org\/wp-content\/uploads\/2024\/09\/a-shape-03-1.png\" alt=\"a-shape-03-1\"><\/span><\/div>\t\t\t\t<\/div>\n\t\t\t\t<\/div>\n\t\t\t\t\t<\/div>\n\t\t\t\t<\/div>\n\t\t\t\t<section class=\"elementor-section elementor-top-section elementor-element elementor-element-798c726 elementor-section-boxed elementor-section-height-default elementor-section-height-default wpr-particle-no wpr-jarallax-no wpr-parallax-no wpr-sticky-section-no\" data-id=\"798c726\" data-element_type=\"section\">\n\t\t\t\t\t\t<div class=\"elementor-container elementor-column-gap-extended\">\n\t\t\t\t\t<div class=\"elementor-column elementor-col-100 elementor-top-column elementor-element elementor-element-d2d65db\" data-id=\"d2d65db\" data-element_type=\"column\">\n\t\t\t<div class=\"elementor-widget-wrap elementor-element-populated\">\n\t\t\t\t\t\t<div class=\"elementor-element elementor-element-58e32de elementor-widget__width-auto elementor-absolute elementor-hidden-tablet elementor-hidden-mobile elementor-widget elementor-widget-edublink-animation\" data-id=\"58e32de\" data-element_type=\"widget\" data-settings=\"{&quot;_position&quot;:&quot;absolute&quot;}\" data-widget_type=\"edublink-animation.default\">\n\t\t\t\t<div class=\"elementor-widget-container\">\n\t\t\t\t\t<div class=\"edublink-animation-widget edublink-animation-display-type-mouse-track edublink-animation-content-type-image edublink-mouse-track-item\"><span data-depth=\"-2\"><img decoding=\"async\" src=\"https:\/\/www.ausjal.org\/wp-content\/uploads\/2024\/09\/a-shape-02.png\" alt=\"a-shape-02\"><\/span><\/div>\t\t\t\t<\/div>\n\t\t\t\t<\/div>\n\t\t\t\t<div class=\"elementor-element elementor-element-bbe8f66 elementor-widget__width-auto elementor-absolute elementor-hidden-tablet elementor-hidden-mobile elementor-widget elementor-widget-edublink-animation\" data-id=\"bbe8f66\" data-element_type=\"widget\" data-settings=\"{&quot;_position&quot;:&quot;absolute&quot;}\" data-widget_type=\"edublink-animation.default\">\n\t\t\t\t<div class=\"elementor-widget-container\">\n\t\t\t\t\t<div class=\"edublink-animation-widget edublink-animation-display-type-infinite-animation edublink-animation-content-type-image\"><img decoding=\"async\" src=\"https:\/\/www.ausjal.org\/wp-content\/uploads\/2024\/09\/a-shape-03-1.png\" alt=\"a-shape-03-1\"><\/div>\t\t\t\t<\/div>\n\t\t\t\t<\/div>\n\t\t\t\t<div class=\"elementor-element elementor-element-22572b8 elementor-widget__width-auto elementor-absolute elementor-hidden-tablet elementor-hidden-mobile elementor-widget elementor-widget-edublink-animation\" data-id=\"22572b8\" data-element_type=\"widget\" data-settings=\"{&quot;_position&quot;:&quot;absolute&quot;}\" data-widget_type=\"edublink-animation.default\">\n\t\t\t\t<div class=\"elementor-widget-container\">\n\t\t\t\t\t<div class=\"edublink-animation-widget edublink-animation-display-type-mouse-track edublink-animation-content-type-image edublink-mouse-track-item\"><span data-depth=\"-2\"><img decoding=\"async\" src=\"https:\/\/www.ausjal.org\/wp-content\/uploads\/2024\/09\/a-shape-16-1.png\" alt=\"a-shape-16-1\"><\/span><\/div>\t\t\t\t<\/div>\n\t\t\t\t<\/div>\n\t\t\t\t<div class=\"elementor-element elementor-element-cf56fe1 elementor-invisible elementor-widget elementor-widget-edublink-heading\" data-id=\"cf56fe1\" data-element_type=\"widget\" data-settings=\"{&quot;_animation&quot;:&quot;edublink--slide-up&quot;,&quot;_animation_delay&quot;:150}\" data-widget_type=\"edublink-heading.default\">\n\t\t\t\t<div class=\"elementor-widget-container\">\n\t\t\t\t\t<div class=\"edublink-section-heading\"><h3 class=\"heading\">Publicaciones <mark class=\"edublink-color-primary\"> anteriores<\/mark><\/h3><div class=\"title-shape\"><i class=\"icon-19\"><\/i><\/div><\/div>\t\t\t\t<\/div>\n\t\t\t\t<\/div>\n\t\t\t\t<div class=\"elementor-element elementor-element-3a3d095 elementor-widget elementor-widget-edublink-post\" data-id=\"3a3d095\" data-element_type=\"widget\" data-widget_type=\"edublink-post.default\">\n\t\t\t\t<div class=\"elementor-widget-container\">\n\t\t\t\t\t<div ><div class=\"eb-blog-post-wrapper eb-post-style-3 eb-post-grid edublink-row\"><div class=\"eb-post-one-single-grid edublink-col-lg-4 edublink-col-md-6 edublink-col-sm-12\" data-sal=\"\"><div class=\"edu-blog blog-style-3\"><div class=\"inner\"><div class=\"thumbnail\"><a href=\"https:\/\/www.ausjal.org\/pt\/carta-de-ausjal-n-58\/\"><img decoding=\"async\" src=\"https:\/\/www.ausjal.org\/wp-content\/uploads\/2025\/12\/Carta-AUSJAL-58.pdf-590x430.jpg\" alt=\"Carta AUSJAL 58.pdf\" \/><\/a><\/div><div class=\"content\"><div class=\"category-wrap\"><a href=\"https:\/\/www.ausjal.org\/pt\/category\/carta-ausjal\/\">Carta Ausjal<\/a><\/div><h5 class=\"title\"><a href=\"https:\/\/www.ausjal.org\/pt\/carta-de-ausjal-n-58\/\">Carta de AUSJAL N\u00b0 58<\/a><\/h5><ul class=\"blog-meta\"><li><i class=\"icon-27\"><\/i>01\/12\/2025<\/li><li><i class=\"icon-28\"><\/i> Com 0<\/li><\/ul><\/div><\/div><\/div><\/div><div class=\"eb-post-one-single-grid edublink-col-lg-4 edublink-col-md-6 edublink-col-sm-12\" data-sal=\"\"><div class=\"edu-blog blog-style-3\"><div class=\"inner\"><div class=\"thumbnail\"><a href=\"https:\/\/www.ausjal.org\/pt\/carta-de-ausjal-n-57\/\"><img decoding=\"async\" src=\"https:\/\/www.ausjal.org\/wp-content\/uploads\/2025\/04\/tapa-590x430.jpg\" alt=\"tapa\" \/><\/a><\/div><div class=\"content\"><div class=\"category-wrap\"><a href=\"https:\/\/www.ausjal.org\/pt\/category\/carta-ausjal\/\">Carta Ausjal<\/a><\/div><h5 class=\"title\"><a href=\"https:\/\/www.ausjal.org\/pt\/carta-de-ausjal-n-57\/\">Carta de AUSJAL N\u00b0 57<\/a><\/h5><ul class=\"blog-meta\"><li><i class=\"icon-27\"><\/i>29\/04\/2025<\/li><li><i class=\"icon-28\"><\/i> Com 0<\/li><\/ul><\/div><\/div><\/div><\/div><div class=\"eb-post-one-single-grid edublink-col-lg-4 edublink-col-md-6 edublink-col-sm-12\" data-sal=\"\"><div class=\"edu-blog blog-style-3\"><div class=\"inner\"><div class=\"thumbnail\"><a href=\"https:\/\/www.ausjal.org\/pt\/carta-de-ausjal-n-56\/\"><img decoding=\"async\" src=\"https:\/\/www.ausjal.org\/wp-content\/uploads\/2024\/11\/56-590x430.jpg\" alt=\"56\" \/><\/a><\/div><div class=\"content\"><div class=\"category-wrap\"><a href=\"https:\/\/www.ausjal.org\/pt\/category\/carta-ausjal\/\">Carta Ausjal<\/a><\/div><h5 class=\"title\"><a href=\"https:\/\/www.ausjal.org\/pt\/carta-de-ausjal-n-56\/\">Carta de AUSJAL N\u00b0 56<\/a><\/h5><ul class=\"blog-meta\"><li><i class=\"icon-27\"><\/i>11\/11\/2024<\/li><li><i class=\"icon-28\"><\/i> Com 0<\/li><\/ul><\/div><\/div><\/div><\/div><\/div><\/div>\t\t\t\t<\/div>\n\t\t\t\t<\/div>\n\t\t\t\t<div class=\"elementor-element elementor-element-6250c9f elementor-widget elementor-widget-edublink-button\" data-id=\"6250c9f\" data-element_type=\"widget\" data-widget_type=\"edublink-button.default\">\n\t\t\t\t<div class=\"elementor-widget-container\">\n\t\t\t\t\t<div class=\"edublink-button-widget-wrapper\"><a class=\"edublink-button-item edublink-button-style-default edublink-button-size-custom edublink-button-icon-position-after default-style\" href=\"https:\/\/www.ausjal.org\/pt\/category\/carta-ausjal\/\">Ver todas<i class=\"icon-4\"><\/i><\/a><\/div>\t\t\t\t<\/div>\n\t\t\t\t<\/div>\n\t\t\t\t\t<\/div>\n\t\t<\/div>\n\t\t\t\t\t<\/div>\n\t\t<\/section>\n\t\t\t\t<\/div>","protected":false},"excerpt":{"rendered":"<p>Carta de AUSJAL Nuestra revista digital Una publicaci\u00f3n reflexiva que analiza el contexto de las universidades jesuitas desde diversas perspectivas.&#8230;<\/p>","protected":false},"author":3,"featured_media":0,"parent":0,"menu_order":0,"comment_status":"closed","ping_status":"closed","template":"","meta":{"cybocfi_hide_featured_image":"","footnotes":""},"class_list":["post-27354","page","type-page","status-publish","hentry"],"_links":{"self":[{"href":"https:\/\/www.ausjal.org\/pt\/wp-json\/wp\/v2\/pages\/27354","targetHints":{"allow":["GET"]}}],"collection":[{"href":"https:\/\/www.ausjal.org\/pt\/wp-json\/wp\/v2\/pages"}],"about":[{"href":"https:\/\/www.ausjal.org\/pt\/wp-json\/wp\/v2\/types\/page"}],"author":[{"embeddable":true,"href":"https:\/\/www.ausjal.org\/pt\/wp-json\/wp\/v2\/users\/3"}],"replies":[{"embeddable":true,"href":"https:\/\/www.ausjal.org\/pt\/wp-json\/wp\/v2\/comments?post=27354"}],"version-history":[{"count":40,"href":"https:\/\/www.ausjal.org\/pt\/wp-json\/wp\/v2\/pages\/27354\/revisions"}],"predecessor-version":[{"id":32667,"href":"https:\/\/www.ausjal.org\/pt\/wp-json\/wp\/v2\/pages\/27354\/revisions\/32667"}],"wp:attachment":[{"href":"https:\/\/www.ausjal.org\/pt\/wp-json\/wp\/v2\/media?parent=27354"}],"curies":[{"name":"wp","href":"https:\/\/api.w.org\/{rel}","templated":true}]}}