{"id":27341,"date":"2024-11-03T22:48:57","date_gmt":"2024-11-04T03:48:57","guid":{"rendered":"https:\/\/develop.ibero.mx\/ausjalorg\/?page_id=27341"},"modified":"2026-05-14T10:24:23","modified_gmt":"2026-05-14T16:24:23","slug":"agenda","status":"publish","type":"page","link":"https:\/\/www.ausjal.org\/pt\/agenda\/","title":{"rendered":"Agenda"},"content":{"rendered":"<div data-elementor-type=\"wp-page\" data-elementor-id=\"27341\" class=\"elementor elementor-27341\">\n\t\t\t\t<div class=\"wpr-jarallax elementor-element elementor-element-ebdc97b e-con-full wpr-jarallax-yes e-flex wpr-sticky-section-no e-con e-parent\" speed-data=\"1.4\" bg-image=\"https:\/\/www.ausjal.org\/wp-content\/uploads\/2024\/11\/agenda.jpg\" scroll-effect=\"scroll\" data-id=\"ebdc97b\" data-element_type=\"container\">\n\t\t\t\t<div class=\"elementor-element elementor-element-bdc523d elementor-widget elementor-widget-heading\" data-id=\"bdc523d\" data-element_type=\"widget\" data-widget_type=\"heading.default\">\n\t\t\t\t<div class=\"elementor-widget-container\">\n\t\t\t\t\t<h2 class=\"elementor-heading-title elementor-size-default\">Agenda<\/h2>\t\t\t\t<\/div>\n\t\t\t\t<\/div>\n\t\t\t\t<\/div>\n\t\t<div class=\"elementor-element elementor-element-36c85d1 e-flex e-con-boxed wpr-particle-no wpr-jarallax-no wpr-parallax-no wpr-sticky-section-no e-con e-parent\" data-id=\"36c85d1\" data-element_type=\"container\">\n\t\t\t\t\t<div class=\"e-con-inner\">\n\t\t\t\t<div class=\"elementor-element elementor-element-42d1122 elementor-invisible elementor-widget elementor-widget-edublink-heading\" data-id=\"42d1122\" data-element_type=\"widget\" data-settings=\"{&quot;_animation&quot;:&quot;edublink--slide-up&quot;,&quot;_animation_delay&quot;:150}\" data-widget_type=\"edublink-heading.default\">\n\t\t\t\t<div class=\"elementor-widget-container\">\n\t\t\t\t\t<div class=\"edublink-section-heading\"><h3 class=\"heading\">Pr\u00f3ximos<span class=\"edublink-color-primary\"> Eventos<\/span> <\/h3><div class=\"title-shape\"><i class=\"icon-19\"><\/i><\/div><\/div>\t\t\t\t<\/div>\n\t\t\t\t<\/div>\n\t\t\t\t\t<\/div>\n\t\t\t\t<\/div>\n\t\t<div class=\"elementor-element elementor-element-b5c8ed0 e-flex e-con-boxed wpr-particle-no wpr-jarallax-no wpr-parallax-no wpr-sticky-section-no e-con e-parent\" data-id=\"b5c8ed0\" data-element_type=\"container\">\n\t\t\t\t\t<div class=\"e-con-inner\">\n\t\t\t\t<div class=\"elementor-element elementor-element-a8bd190 elementor-widget elementor-widget-edublink-wp-events-manager\" data-id=\"a8bd190\" data-element_type=\"widget\" data-widget_type=\"edublink-wp-events-manager.default\">\n\t\t\t\t<div class=\"elementor-widget-container\">\n\t\t\t\t\t<div class=\"eb-events-wrapper\"><div class=\"eb-events-items eb-events-container-grid eb-events-grid edublink-row\"><div class=\"eb-event-single-item edublink-col-lg-4 edublink-col-md-6 edublink-col-sm-12\" data-sal=\"\"><div class=\"eb-event-item eb-event-style-1\"><div class=\"inner\"><div class=\"thumbnail\"><a href=\"https:\/\/www.ausjal.org\/pt\/events\/perspectivas-de-la-internacionalizacion-en-la-educacion-superior-en-america-latina-2\/\"><img decoding=\"async\" src=\"https:\/\/www.ausjal.org\/wp-content\/uploads\/2026\/05\/Ausjal-Banner-590x430.png\" alt=\"Ausjal Banner\" \/><\/a><div class=\"event-time\"><span><i class=\"icon-33\"><\/i>10:30 - 00:00<\/span><\/div><\/div><div class=\"content\"><div class=\"event-date\"><span class=\"day\">22<\/span><span class=\"month\">maio<\/span><\/div><h5 class=\"title\"><a href=\"https:\/\/www.ausjal.org\/pt\/events\/perspectivas-de-la-internacionalizacion-en-la-educacion-superior-en-america-latina-2\/\" class=\"post-link\">Perspectivas de la internacionalizaci\u00f3n en la educaci\u00f3n superior en Am\u00e9rica Latina<\/a><\/h5><p>Presentaci\u00f3n editorial virtual: Perspectivas de la internacionalizaci\u00f3n en la educaci\u00f3n superior en Am\u00e9rica Latina Viernes 22 de mayo \u2013\u00a09 h.&#8230;<\/p>\n<ul class=\"event-meta\"><li><i class=\"icon-40\"><\/i>Virtual<\/li><\/ul><div class=\"read-more-btn\"><a class=\"edu-btn btn-small btn-secondary\" href=\"https:\/\/www.ausjal.org\/pt\/events\/perspectivas-de-la-internacionalizacion-en-la-educacion-superior-en-america-latina-2\/\">Ver mais<i class=\"icon-4\"><\/i><\/a><\/div><\/div><\/div><\/div><\/div><div class=\"eb-event-single-item edublink-col-lg-4 edublink-col-md-6 edublink-col-sm-12\" data-sal=\"\"><div class=\"eb-event-item eb-event-style-1\"><div class=\"inner\"><div class=\"thumbnail\"><a href=\"https:\/\/www.ausjal.org\/pt\/events\/curso-impactos-socioambientales-de-la-corrupcion-en-america-latina-y-el-caribe\/\"><img decoding=\"async\" src=\"https:\/\/www.ausjal.org\/wp-content\/uploads\/2026\/04\/Curso-Impactos-590x430.png\" alt=\"Curso Impactos\" \/><\/a><div class=\"event-time\"><span><i class=\"icon-33\"><\/i>10:30 - 00:00<\/span><\/div><\/div><div class=\"content\"><div class=\"event-date\"><span class=\"day\">27<\/span><span class=\"month\">maio<\/span><\/div><h5 class=\"title\"><a href=\"https:\/\/www.ausjal.org\/pt\/events\/curso-impactos-socioambientales-de-la-corrupcion-en-america-latina-y-el-caribe\/\" class=\"post-link\">CURSO Impactos socioambientales  de la corrupci\u00f3n en  Am\u00e9rica Latina y el Caribe<\/a><\/h5><p>En un contexto en el que la corrupci\u00f3n act\u00faa como un fen\u00f3meno estructural que agrava los da\u00f1os ambientales, clim\u00e1ticos y&#8230;<\/p>\n<ul class=\"event-meta\"><li><i class=\"icon-40\"><\/i>Virtual<\/li><\/ul><div class=\"read-more-btn\"><a class=\"edu-btn btn-small btn-secondary\" href=\"https:\/\/www.ausjal.org\/pt\/events\/curso-impactos-socioambientales-de-la-corrupcion-en-america-latina-y-el-caribe\/\">Ver mais<i class=\"icon-4\"><\/i><\/a><\/div><\/div><\/div><\/div><\/div><div class=\"eb-event-single-item edublink-col-lg-4 edublink-col-md-6 edublink-col-sm-12\" data-sal=\"\"><div class=\"eb-event-item eb-event-style-1\"><div class=\"inner\"><div class=\"thumbnail\"><a href=\"https:\/\/www.ausjal.org\/pt\/events\/medio-ambiente-y-corrupcion-en-america-latina\/\"><img decoding=\"async\" src=\"https:\/\/www.ausjal.org\/wp-content\/uploads\/2026\/03\/Webinario-Banner-590x430.png\" alt=\"Webinario Banner\" \/><\/a><div class=\"event-time\"><span><i class=\"icon-33\"><\/i>10:30 - 00:00<\/span><\/div><\/div><div class=\"content\"><div class=\"event-date\"><span class=\"day\">23<\/span><span class=\"month\">mar<\/span><\/div><h5 class=\"title\"><a href=\"https:\/\/www.ausjal.org\/pt\/events\/medio-ambiente-y-corrupcion-en-america-latina\/\" class=\"post-link\">Medio Ambiente y corrupci\u00f3n en Am\u00e9rica Latina<\/a><\/h5><p>El grupo de investigadores de AUSJAL y de la Red de Centros Sociales de la CPAL, vinculados al proyecto \u201cImpactos&#8230;<\/p>\n<ul class=\"event-meta\"><li><i class=\"icon-40\"><\/i>Virtual<\/li><\/ul><div class=\"read-more-btn\"><a class=\"edu-btn btn-small btn-secondary\" href=\"https:\/\/www.ausjal.org\/pt\/events\/medio-ambiente-y-corrupcion-en-america-latina\/\">Ver mais<i class=\"icon-4\"><\/i><\/a><\/div><\/div><\/div><\/div><\/div><\/div><\/div>\t\t\t\t<\/div>\n\t\t\t\t<\/div>\n\t\t\t\t\t<\/div>\n\t\t\t\t<\/div>\n\t\t<div class=\"elementor-element elementor-element-a4d8b75 e-flex e-con-boxed wpr-particle-no wpr-jarallax-no wpr-parallax-no wpr-sticky-section-no e-con e-parent\" data-id=\"a4d8b75\" data-element_type=\"container\">\n\t\t\t\t\t<div class=\"e-con-inner\">\n\t\t\t\t<div class=\"elementor-element elementor-element-d6599e4 elementor-invisible elementor-widget elementor-widget-edublink-heading\" data-id=\"d6599e4\" data-element_type=\"widget\" data-settings=\"{&quot;_animation&quot;:&quot;edublink--slide-up&quot;,&quot;_animation_delay&quot;:150}\" data-widget_type=\"edublink-heading.default\">\n\t\t\t\t<div class=\"elementor-widget-container\">\n\t\t\t\t\t<div class=\"edublink-section-heading\"><h3 class=\"heading\"><span class=\"edublink-color-primary\"> Eventos Anteriores<\/span> <\/h3><div class=\"title-shape\"><i class=\"icon-19\"><\/i><\/div><\/div>\t\t\t\t<\/div>\n\t\t\t\t<\/div>\n\t\t\t\t\t<\/div>\n\t\t\t\t<\/div>\n\t\t<div class=\"elementor-element elementor-element-1f78b35 e-flex e-con-boxed wpr-particle-no wpr-jarallax-no wpr-parallax-no wpr-sticky-section-no e-con e-parent\" data-id=\"1f78b35\" data-element_type=\"container\">\n\t\t\t\t\t<div class=\"e-con-inner\">\n\t\t\t\t<div class=\"elementor-element elementor-element-930cbf3 elementor-widget elementor-widget-edublink-wp-events-manager\" data-id=\"930cbf3\" data-element_type=\"widget\" data-widget_type=\"edublink-wp-events-manager.default\">\n\t\t\t\t<div class=\"elementor-widget-container\">\n\t\t\t\t\t<div class=\"eb-events-wrapper\"><div class=\"eb-events-items eb-events-container-grid eb-events-grid edublink-row\"><div class=\"eb-event-single-item edublink-col-lg-4 edublink-col-md-6 edublink-col-sm-12\" data-sal=\"\"><div class=\"eb-event-item eb-event-style-1\"><div class=\"inner\"><div class=\"thumbnail\"><a href=\"https:\/\/www.ausjal.org\/pt\/events\/perspectivas-de-la-internacionalizacion-en-la-educacion-superior-en-america-latina-2\/\"><img decoding=\"async\" src=\"https:\/\/www.ausjal.org\/wp-content\/uploads\/2026\/05\/Ausjal-Banner-590x430.png\" alt=\"Ausjal Banner\" \/><\/a><div class=\"event-time\"><span><i class=\"icon-33\"><\/i>10:30 - 00:00<\/span><\/div><\/div><div class=\"content\"><div class=\"event-date\"><span class=\"day\">22<\/span><span class=\"month\">maio<\/span><\/div><h5 class=\"title\"><a href=\"https:\/\/www.ausjal.org\/pt\/events\/perspectivas-de-la-internacionalizacion-en-la-educacion-superior-en-america-latina-2\/\" class=\"post-link\">Perspectivas de la internacionalizaci\u00f3n en la educaci\u00f3n superior en Am\u00e9rica Latina<\/a><\/h5><p>Presentaci\u00f3n editorial virtual: Perspectivas de la internacionalizaci\u00f3n en la educaci\u00f3n superior en Am\u00e9rica Latina Viernes 22 de mayo \u2013\u00a09 h.&#8230;<\/p>\n<ul class=\"event-meta\"><li><i class=\"icon-40\"><\/i>Virtual<\/li><\/ul><div class=\"read-more-btn\"><a class=\"edu-btn btn-small btn-secondary\" href=\"https:\/\/www.ausjal.org\/pt\/events\/perspectivas-de-la-internacionalizacion-en-la-educacion-superior-en-america-latina-2\/\">Ver mais<i class=\"icon-4\"><\/i><\/a><\/div><\/div><\/div><\/div><\/div><div class=\"eb-event-single-item edublink-col-lg-4 edublink-col-md-6 edublink-col-sm-12\" data-sal=\"\"><div class=\"eb-event-item eb-event-style-1\"><div class=\"inner\"><div class=\"thumbnail\"><a href=\"https:\/\/www.ausjal.org\/pt\/events\/medio-ambiente-y-corrupcion-en-america-latina\/\"><img decoding=\"async\" src=\"https:\/\/www.ausjal.org\/wp-content\/uploads\/2026\/03\/Webinario-Banner-590x430.png\" alt=\"Webinario Banner\" \/><\/a><div class=\"event-time\"><span><i class=\"icon-33\"><\/i>10:30 - 00:00<\/span><\/div><\/div><div class=\"content\"><div class=\"event-date\"><span class=\"day\">23<\/span><span class=\"month\">mar<\/span><\/div><h5 class=\"title\"><a href=\"https:\/\/www.ausjal.org\/pt\/events\/medio-ambiente-y-corrupcion-en-america-latina\/\" class=\"post-link\">Medio Ambiente y corrupci\u00f3n en Am\u00e9rica Latina<\/a><\/h5><p>El grupo de investigadores de AUSJAL y de la Red de Centros Sociales de la CPAL, vinculados al proyecto \u201cImpactos&#8230;<\/p>\n<ul class=\"event-meta\"><li><i class=\"icon-40\"><\/i>Virtual<\/li><\/ul><div class=\"read-more-btn\"><a class=\"edu-btn btn-small btn-secondary\" href=\"https:\/\/www.ausjal.org\/pt\/events\/medio-ambiente-y-corrupcion-en-america-latina\/\">Ver mais<i class=\"icon-4\"><\/i><\/a><\/div><\/div><\/div><\/div><\/div><div class=\"eb-event-single-item edublink-col-lg-4 edublink-col-md-6 edublink-col-sm-12\" data-sal=\"\"><div class=\"eb-event-item eb-event-style-1\"><div class=\"inner\"><div class=\"thumbnail\"><a href=\"https:\/\/www.ausjal.org\/pt\/events\/beneficios-y-retos-de-la-modalidad-a-distancia\/\"><img decoding=\"async\" src=\"https:\/\/www.ausjal.org\/wp-content\/uploads\/2025\/11\/Ausjal-Encuentro-Estudiantil-811-x-202-mm-590x430.png\" alt=\"Ausjal Encuentro Estudiantil (811 x 202 mm)\" \/><\/a><div class=\"event-time\"><span><i class=\"icon-33\"><\/i>13:00 - 00:00<\/span><\/div><\/div><div class=\"content\"><div class=\"event-date\"><span class=\"day\">27<\/span><span class=\"month\">nov<\/span><\/div><h5 class=\"title\"><a href=\"https:\/\/www.ausjal.org\/pt\/events\/beneficios-y-retos-de-la-modalidad-a-distancia\/\" class=\"post-link\">Beneficios y retos de la modalidad a distancia<\/a><\/h5><p>Um espa\u00e7o destinado a toda a nossa comunidade universit\u00e1ria.<\/p>\n<ul class=\"event-meta\"><li><i class=\"icon-40\"><\/i>Virtual<\/li><\/ul><div class=\"read-more-btn\"><a class=\"edu-btn btn-small btn-secondary\" href=\"https:\/\/www.ausjal.org\/pt\/events\/beneficios-y-retos-de-la-modalidad-a-distancia\/\">Ver mais<i class=\"icon-4\"><\/i><\/a><\/div><\/div><\/div><\/div><\/div><div class=\"eb-event-single-item edublink-col-lg-4 edublink-col-md-6 edublink-col-sm-12\" data-sal=\"\"><div class=\"eb-event-item eb-event-style-1\"><div class=\"inner\"><div class=\"thumbnail\"><a href=\"https:\/\/www.ausjal.org\/pt\/events\/ii-encuentro-de-estudiantes-de-universidades-de-ausjal\/\"><img decoding=\"async\" src=\"https:\/\/www.ausjal.org\/wp-content\/uploads\/2025\/08\/Ausjal-Encuentro-Estudiantil-811-x-202-mm-1-590x430.png\" alt=\"Ausjal Encuentro Estudiantil (811 x 202 mm) (1)\" \/><\/a><div class=\"event-time\"><span><i class=\"icon-33\"><\/i>08:30 - 13:30<\/span><\/div><\/div><div class=\"content\"><div class=\"event-date\"><span class=\"day\">26<\/span><span class=\"month\">set<\/span><\/div><h5 class=\"title\"><a href=\"https:\/\/www.ausjal.org\/pt\/events\/ii-encuentro-de-estudiantes-de-universidades-de-ausjal\/\" class=\"post-link\">II ENCUENTRO DE ESTUDIANTES DE UNIVERSIDADES DE AUSJAL<\/a><\/h5><p>Um espa\u00e7o destinado a toda a nossa comunidade universit\u00e1ria.<\/p>\n<ul class=\"event-meta\"><li><i class=\"icon-40\"><\/i>Virtual<\/li><\/ul><div class=\"read-more-btn\"><a class=\"edu-btn btn-small btn-secondary\" href=\"https:\/\/www.ausjal.org\/pt\/events\/ii-encuentro-de-estudiantes-de-universidades-de-ausjal\/\">Ver mais<i class=\"icon-4\"><\/i><\/a><\/div><\/div><\/div><\/div><\/div><div class=\"eb-event-single-item edublink-col-lg-4 edublink-col-md-6 edublink-col-sm-12\" data-sal=\"\"><div class=\"eb-event-item eb-event-style-1\"><div class=\"inner\"><div class=\"thumbnail\"><a href=\"https:\/\/www.ausjal.org\/pt\/events\/workshop-viviendo-los-principios-ignacianos-en-nuestra-labor-universitaria\/\"><img decoding=\"async\" src=\"https:\/\/www.ausjal.org\/wp-content\/uploads\/2025\/07\/MC-2-1-590x405.png\" alt=\"MC (2)\" \/><\/a><div class=\"event-time\"><span><i class=\"icon-33\"><\/i>09:30 - 11:30<\/span><\/div><\/div><div class=\"content\"><div class=\"event-date\"><span class=\"day\">17<\/span><span class=\"month\">set<\/span><\/div><h5 class=\"title\"><a href=\"https:\/\/www.ausjal.org\/pt\/events\/workshop-viviendo-los-principios-ignacianos-en-nuestra-labor-universitaria\/\" class=\"post-link\">Workshop \u201cViviendo los Principios Ignacianos en nuestra labor universitaria\u201d<\/a><\/h5><p>Um espa\u00e7o destinado a toda a nossa comunidade universit\u00e1ria.<\/p>\n<ul class=\"event-meta\"><li><i class=\"icon-40\"><\/i>Virtual<\/li><\/ul><div class=\"read-more-btn\"><a class=\"edu-btn btn-small btn-secondary\" href=\"https:\/\/www.ausjal.org\/pt\/events\/workshop-viviendo-los-principios-ignacianos-en-nuestra-labor-universitaria\/\">Ver mais<i class=\"icon-4\"><\/i><\/a><\/div><\/div><\/div><\/div><\/div><div class=\"eb-event-single-item edublink-col-lg-4 edublink-col-md-6 edublink-col-sm-12\" data-sal=\"\"><div class=\"eb-event-item eb-event-style-1\"><div class=\"inner\"><div class=\"thumbnail\"><a href=\"https:\/\/www.ausjal.org\/pt\/events\/presentan-la-publicacion-los-libros\/\"><img decoding=\"async\" src=\"https:\/\/www.ausjal.org\/wp-content\/uploads\/2025\/08\/MC-1-590x405.png\" alt=\"MC (1)\" \/><\/a><div class=\"event-time\"><span><i class=\"icon-33\"><\/i>11:00 - 13:00<\/span><\/div><\/div><div class=\"content\"><div class=\"event-date\"><span class=\"day\">14<\/span><span class=\"month\">ago<\/span><\/div><h5 class=\"title\"><a href=\"https:\/\/www.ausjal.org\/pt\/events\/presentan-la-publicacion-los-libros\/\" class=\"post-link\">Presentaci\u00f3n de la publicaci\u00f3n \u201cLos libros y su valor en la evaluaci\u00f3n cient\u00edfica: an\u00e1lisis y propuestas a partir del caso argentino.\u201d<\/a><\/h5><p>Um espa\u00e7o destinado a toda a nossa comunidade universit\u00e1ria.<\/p>\n<ul class=\"event-meta\"><li><i class=\"icon-40\"><\/i>Virtual<\/li><\/ul><div class=\"read-more-btn\"><a class=\"edu-btn btn-small btn-secondary\" href=\"https:\/\/www.ausjal.org\/pt\/events\/presentan-la-publicacion-los-libros\/\">Ver mais<i class=\"icon-4\"><\/i><\/a><\/div><\/div><\/div><\/div><\/div><div class=\"eb-event-single-item edublink-col-lg-4 edublink-col-md-6 edublink-col-sm-12\" data-sal=\"\"><div class=\"eb-event-item eb-event-style-1\"><div class=\"inner\"><div class=\"thumbnail\"><a href=\"https:\/\/www.ausjal.org\/pt\/events\/3er-encuentro-internacional-de-filosofia-ausja\/\"><img decoding=\"async\" src=\"https:\/\/www.ausjal.org\/wp-content\/uploads\/2025\/07\/1-590x430.png\" alt=\"1\" \/><\/a><div class=\"event-time\"><span><i class=\"icon-33\"><\/i>08:30 - 18:00<\/span><\/div><\/div><div class=\"content\"><div class=\"event-date\"><span class=\"day\">21<\/span><span class=\"month\">out<\/span><\/div><h5 class=\"title\"><a href=\"https:\/\/www.ausjal.org\/pt\/events\/3er-encuentro-internacional-de-filosofia-ausja\/\" class=\"post-link\">3er Encuentro Internacional de Filosof\u00eda AUSJAL<\/a><\/h5><p>Um espa\u00e7o destinado a toda a nossa comunidade universit\u00e1ria.<\/p>\n<ul class=\"event-meta\"><li><i class=\"icon-40\"><\/i>Presencial<\/li><\/ul><div class=\"read-more-btn\"><a class=\"edu-btn btn-small btn-secondary\" href=\"https:\/\/www.ausjal.org\/pt\/events\/3er-encuentro-internacional-de-filosofia-ausja\/\">Ver mais<i class=\"icon-4\"><\/i><\/a><\/div><\/div><\/div><\/div><\/div><div class=\"eb-event-single-item edublink-col-lg-4 edublink-col-md-6 edublink-col-sm-12\" data-sal=\"\"><div class=\"eb-event-item eb-event-style-1\"><div class=\"inner\"><div class=\"thumbnail\"><a href=\"https:\/\/www.ausjal.org\/pt\/events\/simposio-de-innovacion-educativa-de-ausjal-2025\/\"><img decoding=\"async\" src=\"https:\/\/www.ausjal.org\/wp-content\/uploads\/2025\/08\/Simposio-AUSJAL-700-x-200-px-1920-x-745-px-590x430.png\" alt=\"Simposio AUSJAL (700 x 200 px) (1920 x 745 px)\" \/><\/a><div class=\"event-time\"><span><i class=\"icon-33\"><\/i>08:30 - 18:00<\/span><\/div><\/div><div class=\"content\"><div class=\"event-date\"><span class=\"day\">11<\/span><span class=\"month\">nov<\/span><\/div><h5 class=\"title\"><a href=\"https:\/\/www.ausjal.org\/pt\/events\/simposio-de-innovacion-educativa-de-ausjal-2025\/\" class=\"post-link\">Simp\u00f3sio de Inova\u00e7\u00e3o Educativa da AUSJAL 2025<\/a><\/h5><p>Um espa\u00e7o destinado a toda a nossa comunidade universit\u00e1ria.<\/p>\n<ul class=\"event-meta\"><li><i class=\"icon-40\"><\/i>Presencial<\/li><\/ul><div class=\"read-more-btn\"><a class=\"edu-btn btn-small btn-secondary\" href=\"https:\/\/www.ausjal.org\/pt\/events\/simposio-de-innovacion-educativa-de-ausjal-2025\/\">Ver mais<i class=\"icon-4\"><\/i><\/a><\/div><\/div><\/div><\/div><\/div><div class=\"eb-event-single-item edublink-col-lg-4 edublink-col-md-6 edublink-col-sm-12\" data-sal=\"\"><div class=\"eb-event-item eb-event-style-1\"><div class=\"inner\"><div class=\"thumbnail\"><a href=\"https:\/\/www.ausjal.org\/pt\/events\/viviendo-los-principios-ignacianos-en-nuestra-labor-universitaria\/\"><img decoding=\"async\" src=\"https:\/\/www.ausjal.org\/wp-content\/uploads\/2025\/03\/Invitacion-Conversatorio-en-espanol-1-590x386.jpg\" alt=\"Invitaci\u00f3n Conversatorio en espa\u00f1ol (1)\" \/><\/a><div class=\"event-time\"><span><i class=\"icon-33\"><\/i>09:30 - 10:30<\/span><\/div><\/div><div class=\"content\"><div class=\"event-date\"><span class=\"day\">30<\/span><span class=\"month\">abr<\/span><\/div><h5 class=\"title\"><a href=\"https:\/\/www.ausjal.org\/pt\/events\/viviendo-los-principios-ignacianos-en-nuestra-labor-universitaria\/\" class=\"post-link\">Vivendo os princ\u00edpios inacianos em nosso trabalho universit\u00e1rio<\/a><\/h5><p>Um espa\u00e7o destinado a toda a nossa comunidade universit\u00e1ria.<\/p>\n<ul class=\"event-meta\"><li><i class=\"icon-40\"><\/i>Online<\/li><\/ul><div class=\"read-more-btn\"><a class=\"edu-btn btn-small btn-secondary\" href=\"https:\/\/www.ausjal.org\/pt\/events\/viviendo-los-principios-ignacianos-en-nuestra-labor-universitaria\/\">Ver mais<i class=\"icon-4\"><\/i><\/a><\/div><\/div><\/div><\/div><\/div><div class=\"eb-event-single-item edublink-col-lg-4 edublink-col-md-6 edublink-col-sm-12\" data-sal=\"\"><div class=\"eb-event-item eb-event-style-1\"><div class=\"inner\"><div class=\"thumbnail\"><a href=\"https:\/\/www.ausjal.org\/pt\/events\/presentacion-editorial-la-mujer-de-pelo-largo\/\"><img decoding=\"async\" src=\"https:\/\/www.ausjal.org\/wp-content\/uploads\/2025\/02\/Postal-presentacion-La-mujer-de-pelo-largo-2-590x430.jpg\" alt=\"Postal presentaci\u00f3n - La mujer de pelo largo (2)\" \/><\/a><div class=\"event-time\"><span><i class=\"icon-33\"><\/i>15:00 - 16:00<\/span><\/div><\/div><div class=\"content\"><div class=\"event-date\"><span class=\"day\">13<\/span><span class=\"month\">mar<\/span><\/div><h5 class=\"title\"><a href=\"https:\/\/www.ausjal.org\/pt\/events\/presentacion-editorial-la-mujer-de-pelo-largo\/\" class=\"post-link\">Apresenta\u00e7\u00e3o Editorial: A Mulher de Cabelos Longos<\/a><\/h5><p>Presentaci\u00f3n editorial en el marco del D\u00eda internacional de la mujer. Actividad del Grupo de Editoriales.<\/p>\n<ul class=\"event-meta\"><li><i class=\"icon-40\"><\/i>H\u00edbrido<\/li><\/ul><div class=\"read-more-btn\"><a class=\"edu-btn btn-small btn-secondary\" href=\"https:\/\/www.ausjal.org\/pt\/events\/presentacion-editorial-la-mujer-de-pelo-largo\/\">Ver mais<i class=\"icon-4\"><\/i><\/a><\/div><\/div><\/div><\/div><\/div><div class=\"eb-event-single-item edublink-col-lg-4 edublink-col-md-6 edublink-col-sm-12\" data-sal=\"\"><div class=\"eb-event-item eb-event-style-1\"><div class=\"inner\"><div class=\"thumbnail\"><a href=\"https:\/\/www.ausjal.org\/pt\/events\/sheinbaum-y-trump-ante-las-migraciones-internacionales\/\"><img decoding=\"async\" src=\"https:\/\/www.ausjal.org\/wp-content\/uploads\/2025\/01\/migraciones-internacionales-red-jesuita-590x430.jpg\" alt=\"migraciones internacionales, red jesuita\" \/><\/a><div class=\"event-time\"><span><i class=\"icon-33\"><\/i>11:00 - 13:00<\/span><\/div><\/div><div class=\"content\"><div class=\"event-date\"><span class=\"day\">29<\/span><span class=\"month\">jan<\/span><\/div><h5 class=\"title\"><a href=\"https:\/\/www.ausjal.org\/pt\/events\/sheinbaum-y-trump-ante-las-migraciones-internacionales\/\" class=\"post-link\">Sheinbaum e Trump sobre migra\u00e7\u00e3o internacional<\/a><\/h5><p>Conhe\u00e7a as poss\u00edveis implica\u00e7\u00f5es regionais.<\/p>\n<ul class=\"event-meta\"><li><i class=\"icon-40\"><\/i>Online<\/li><\/ul><div class=\"read-more-btn\"><a class=\"edu-btn btn-small btn-secondary\" href=\"https:\/\/www.ausjal.org\/pt\/events\/sheinbaum-y-trump-ante-las-migraciones-internacionales\/\">Ver mais<i class=\"icon-4\"><\/i><\/a><\/div><\/div><\/div><\/div><\/div><div class=\"eb-event-single-item edublink-col-lg-4 edublink-col-md-6 edublink-col-sm-12\" data-sal=\"\"><div class=\"eb-event-item eb-event-style-1\"><div class=\"inner\"><div class=\"thumbnail\"><a href=\"https:\/\/www.ausjal.org\/pt\/events\/webinar-inmersion-dual-virtual\/\"><img decoding=\"async\" src=\"https:\/\/www.ausjal.org\/wp-content\/uploads\/2023\/11\/webinar_IDV-590x430.png\" alt=\"webinar_IDV\" \/><\/a><div class=\"event-time\"><span><i class=\"icon-33\"><\/i>11:00 - 12:00<\/span><\/div><\/div><div class=\"content\"><div class=\"event-date\"><span class=\"day\">02<\/span><span class=\"month\">dez<\/span><\/div><h5 class=\"title\"><a href=\"https:\/\/www.ausjal.org\/pt\/events\/webinar-inmersion-dual-virtual\/\" class=\"post-link\">Webinar. Inmersi\u00f3n Dual Virtual<\/a><\/h5><p>Explora c\u00f3mo la inmersi\u00f3n dual virtual fomenta la ciudadan\u00eda global.<\/p>\n<ul class=\"event-meta\"><li><i class=\"icon-40\"><\/i>Online<\/li><\/ul><div class=\"read-more-btn\"><a class=\"edu-btn btn-small btn-secondary\" href=\"https:\/\/www.ausjal.org\/pt\/events\/webinar-inmersion-dual-virtual\/\">Ver mais<i class=\"icon-4\"><\/i><\/a><\/div><\/div><\/div><\/div><\/div><\/div><\/div>\t\t\t\t<\/div>\n\t\t\t\t<\/div>\n\t\t\t\t\t<\/div>\n\t\t\t\t<\/div>\n\t\t\t\t<\/div>","protected":false},"excerpt":{"rendered":"<p>Agenda Pr\u00f3ximos Eventos 10:30 &#8211; 00:0027May Perspectivas de la internacionalizaci\u00f3n en la educaci\u00f3n superior en Am\u00e9rica Latina Presentaci\u00f3n editorial virtual:&#8230;<\/p>","protected":false},"author":3,"featured_media":0,"parent":0,"menu_order":0,"comment_status":"closed","ping_status":"closed","template":"","meta":{"cybocfi_hide_featured_image":"","footnotes":""},"class_list":["post-27341","page","type-page","status-publish","hentry"],"_links":{"self":[{"href":"https:\/\/www.ausjal.org\/pt\/wp-json\/wp\/v2\/pages\/27341","targetHints":{"allow":["GET"]}}],"collection":[{"href":"https:\/\/www.ausjal.org\/pt\/wp-json\/wp\/v2\/pages"}],"about":[{"href":"https:\/\/www.ausjal.org\/pt\/wp-json\/wp\/v2\/types\/page"}],"author":[{"embeddable":true,"href":"https:\/\/www.ausjal.org\/pt\/wp-json\/wp\/v2\/users\/3"}],"replies":[{"embeddable":true,"href":"https:\/\/www.ausjal.org\/pt\/wp-json\/wp\/v2\/comments?post=27341"}],"version-history":[{"count":52,"href":"https:\/\/www.ausjal.org\/pt\/wp-json\/wp\/v2\/pages\/27341\/revisions"}],"predecessor-version":[{"id":33289,"href":"https:\/\/www.ausjal.org\/pt\/wp-json\/wp\/v2\/pages\/27341\/revisions\/33289"}],"wp:attachment":[{"href":"https:\/\/www.ausjal.org\/pt\/wp-json\/wp\/v2\/media?parent=27341"}],"curies":[{"name":"wp","href":"https:\/\/api.w.org\/{rel}","templated":true}]}}