{"id":26423,"date":"2024-09-28T21:52:14","date_gmt":"2024-09-29T02:52:14","guid":{"rendered":"https:\/\/develop.ibero.mx\/ausjalorg\/?page_id=26423"},"modified":"2026-03-16T12:21:20","modified_gmt":"2026-03-16T18:21:20","slug":"contacto","status":"publish","type":"page","link":"https:\/\/www.ausjal.org\/pt\/contacto\/","title":{"rendered":"Contacto"},"content":{"rendered":"<div data-elementor-type=\"wp-page\" data-elementor-id=\"26423\" class=\"elementor elementor-26423\">\n\t\t\t\t<div class=\"wpr-jarallax elementor-element elementor-element-37e3ced e-con-full wpr-jarallax-yes e-flex wpr-particle-no wpr-parallax-no wpr-sticky-section-no e-con e-parent\" speed-data=\"1.4\" bg-image=\"https:\/\/www.ausjal.org\/wp-content\/uploads\/2024\/10\/5_contacto.jpeg\" scroll-effect=\"scroll\" data-id=\"37e3ced\" data-element_type=\"container\" data-settings=\"{&quot;background_background&quot;:&quot;classic&quot;}\">\n\t\t\t\t<div class=\"elementor-element elementor-element-0675e5e elementor-widget elementor-widget-heading\" data-id=\"0675e5e\" data-element_type=\"widget\" data-widget_type=\"heading.default\">\n\t\t\t\t<div class=\"elementor-widget-container\">\n\t\t\t\t\t<h2 class=\"elementor-heading-title elementor-size-default\">Contacto<\/h2>\t\t\t\t<\/div>\n\t\t\t\t<\/div>\n\t\t\t\t<\/div>\n\t\t\t\t<section class=\"elementor-section elementor-top-section elementor-element elementor-element-be42b80 elementor-section-boxed elementor-section-height-default elementor-section-height-default wpr-particle-no wpr-jarallax-no wpr-parallax-no wpr-sticky-section-no\" data-id=\"be42b80\" data-element_type=\"section\">\n\t\t\t\t\t\t<div class=\"elementor-container elementor-column-gap-extended\">\n\t\t\t\t\t<div class=\"elementor-column elementor-col-50 elementor-top-column elementor-element elementor-element-8d6def5\" data-id=\"8d6def5\" data-element_type=\"column\">\n\t\t\t<div class=\"elementor-widget-wrap elementor-element-populated\">\n\t\t\t\t\t\t<div class=\"elementor-element elementor-element-711bee8 elementor-widget elementor-widget-heading\" data-id=\"711bee8\" data-element_type=\"widget\" data-widget_type=\"heading.default\">\n\t\t\t\t<div class=\"elementor-widget-container\">\n\t\t\t\t\t<h3 class=\"elementor-heading-title elementor-size-default\">Comun\u00edcate con AUSJAL<\/h3>\t\t\t\t<\/div>\n\t\t\t\t<\/div>\n\t\t\t\t<div class=\"elementor-element elementor-element-e3ae88c elementor-widget elementor-widget-text-editor\" data-id=\"e3ae88c\" data-element_type=\"widget\" data-widget_type=\"text-editor.default\">\n\t\t\t\t<div class=\"elementor-widget-container\">\n\t\t\t\t\t\t\t\t\t<p>Puedes escribirnos a <span data-olk-copy-source=\"MailCompose\"><strong>comunicacionausjal@ibero.mx<\/strong> y una persona del equipo de la Secretar\u00eda Ejecutiva te responder\u00e1.<\/span><\/p>\t\t\t\t\t\t\t\t<\/div>\n\t\t\t\t<\/div>\n\t\t\t\t\t<\/div>\n\t\t<\/div>\n\t\t\t\t<div class=\"elementor-column elementor-col-50 elementor-top-column elementor-element elementor-element-4f2ba32\" data-id=\"4f2ba32\" data-element_type=\"column\" data-settings=\"{&quot;background_background&quot;:&quot;classic&quot;}\">\n\t\t\t<div class=\"elementor-widget-wrap elementor-element-populated\">\n\t\t\t\t\t\t<div class=\"elementor-element elementor-element-605a3ce elementor-widget__width-auto elementor-absolute elementor-hidden-tablet elementor-hidden-mobile elementor-widget elementor-widget-edublink-animation\" data-id=\"605a3ce\" data-element_type=\"widget\" data-settings=\"{&quot;_position&quot;:&quot;absolute&quot;}\" data-widget_type=\"edublink-animation.default\">\n\t\t\t\t<div class=\"elementor-widget-container\">\n\t\t\t\t\t<div class=\"edublink-animation-widget edublink-animation-display-type-mouse-track edublink-animation-content-type-image edublink-mouse-track-item\"><span data-depth=\"-1.5\"><img decoding=\"async\" src=\"https:\/\/www.ausjal.org\/wp-content\/uploads\/2024\/09\/a-shape-02.png\" alt=\"a-shape-02\"><\/span><\/div>\t\t\t\t<\/div>\n\t\t\t\t<\/div>\n\t\t\t\t<div class=\"elementor-element elementor-element-531530f elementor-widget__width-auto elementor-absolute elementor-hidden-tablet elementor-hidden-mobile elementor-widget elementor-widget-edublink-animation\" data-id=\"531530f\" data-element_type=\"widget\" data-settings=\"{&quot;_position&quot;:&quot;absolute&quot;}\" data-widget_type=\"edublink-animation.default\">\n\t\t\t\t<div class=\"elementor-widget-container\">\n\t\t\t\t\t<div class=\"edublink-animation-widget edublink-animation-display-type-mouse-track edublink-animation-content-type-image edublink-mouse-track-item\"><span data-depth=\"1.5\"><img decoding=\"async\" src=\"https:\/\/www.ausjal.org\/wp-content\/uploads\/2024\/09\/a-shape-03-1.png\" alt=\"a-shape-03-1\"><\/span><\/div>\t\t\t\t<\/div>\n\t\t\t\t<\/div>\n\t\t\t\t\t<\/div>\n\t\t<\/div>\n\t\t\t\t\t<\/div>\n\t\t<\/section>\n\t\t\t\t<\/div>","protected":false},"excerpt":{"rendered":"<p>Contacto Comun\u00edcate con AUSJAL Puedes escribirnos a comunicacionausjal@ibero.mx y una persona del equipo de la Secretar\u00eda Ejecutiva te responder\u00e1.<\/p>","protected":false},"author":3,"featured_media":0,"parent":0,"menu_order":0,"comment_status":"closed","ping_status":"closed","template":"","meta":{"cybocfi_hide_featured_image":"","footnotes":""},"class_list":["post-26423","page","type-page","status-publish","hentry"],"_links":{"self":[{"href":"https:\/\/www.ausjal.org\/pt\/wp-json\/wp\/v2\/pages\/26423","targetHints":{"allow":["GET"]}}],"collection":[{"href":"https:\/\/www.ausjal.org\/pt\/wp-json\/wp\/v2\/pages"}],"about":[{"href":"https:\/\/www.ausjal.org\/pt\/wp-json\/wp\/v2\/types\/page"}],"author":[{"embeddable":true,"href":"https:\/\/www.ausjal.org\/pt\/wp-json\/wp\/v2\/users\/3"}],"replies":[{"embeddable":true,"href":"https:\/\/www.ausjal.org\/pt\/wp-json\/wp\/v2\/comments?post=26423"}],"version-history":[{"count":76,"href":"https:\/\/www.ausjal.org\/pt\/wp-json\/wp\/v2\/pages\/26423\/revisions"}],"predecessor-version":[{"id":33020,"href":"https:\/\/www.ausjal.org\/pt\/wp-json\/wp\/v2\/pages\/26423\/revisions\/33020"}],"wp:attachment":[{"href":"https:\/\/www.ausjal.org\/pt\/wp-json\/wp\/v2\/media?parent=26423"}],"curies":[{"name":"wp","href":"https:\/\/api.w.org\/{rel}","templated":true}]}}