{"id":27593,"date":"2024-11-09T23:11:51","date_gmt":"2024-11-10T04:11:51","guid":{"rendered":"https:\/\/develop.ibero.mx\/ausjalorg\/?page_id=27593"},"modified":"2025-01-22T14:37:45","modified_gmt":"2025-01-22T19:37:45","slug":"identidad-y-mision-universitaria","status":"publish","type":"page","link":"https:\/\/www.ausjal.org\/en\/identidad-y-mision-universitaria\/","title":{"rendered":"Identidad y misi\u00f3n universitaria"},"content":{"rendered":"<div data-elementor-type=\"wp-page\" data-elementor-id=\"27593\" class=\"elementor elementor-27593\">\n\t\t\t\t<div class=\"wpr-jarallax elementor-element elementor-element-ebdc97b e-con-full wpr-jarallax-yes e-flex wpr-sticky-section-no e-con e-parent\" speed-data=\"1.4\" bg-image=\"https:\/\/www.ausjal.org\/wp-content\/uploads\/2024\/11\/identidad-universitaria.jpg\" scroll-effect=\"scroll\" data-id=\"ebdc97b\" data-element_type=\"container\">\n\t\t\t\t<div class=\"elementor-element elementor-element-bdc523d elementor-widget elementor-widget-heading\" data-id=\"bdc523d\" data-element_type=\"widget\" data-widget_type=\"heading.default\">\n\t\t\t\t<div class=\"elementor-widget-container\">\n\t\t\t\t\t<h2 class=\"elementor-heading-title elementor-size-default\">Identidad y misi\u00f3n universitaria<\/h2>\t\t\t\t<\/div>\n\t\t\t\t<\/div>\n\t\t\t\t<\/div>\n\t\t\t\t<section class=\"elementor-section elementor-top-section elementor-element elementor-element-383aec7 elementor-section-boxed elementor-section-height-default elementor-section-height-default wpr-particle-no wpr-jarallax-no wpr-parallax-no wpr-sticky-section-no\" data-id=\"383aec7\" data-element_type=\"section\" data-settings=\"{&quot;background_background&quot;:&quot;gradient&quot;,&quot;shape_divider_bottom&quot;:&quot;tilt&quot;}\">\n\t\t\t\t\t\t\t<div class=\"elementor-background-overlay\"><\/div>\n\t\t\t\t\t\t<div class=\"elementor-shape elementor-shape-bottom\" data-negative=\"false\">\n\t\t\t<svg xmlns=\"http:\/\/www.w3.org\/2000\/svg\" viewbox=\"0 0 1000 100\" preserveaspectratio=\"none\">\n\t<path class=\"elementor-shape-fill\" d=\"M0,6V0h1000v100L0,6z\"\/>\n<\/svg>\t\t<\/div>\n\t\t\t\t\t<div class=\"elementor-container elementor-column-gap-extended\">\n\t\t\t\t\t<div class=\"elementor-column elementor-col-50 elementor-top-column elementor-element elementor-element-9e4b8d8\" data-id=\"9e4b8d8\" data-element_type=\"column\">\n\t\t\t<div class=\"elementor-widget-wrap elementor-element-populated\">\n\t\t\t\t\t\t<div class=\"elementor-element elementor-element-7e53e1b elementor-widget__width-auto elementor-absolute elementor-hidden-tablet elementor-hidden-mobile about-us-3-main elementor-invisible elementor-widget elementor-widget-edublink-animation\" data-id=\"7e53e1b\" data-element_type=\"widget\" data-settings=\"{&quot;_position&quot;:&quot;absolute&quot;,&quot;_animation&quot;:&quot;fadeIn&quot;,&quot;_animation_delay&quot;:500}\" data-widget_type=\"edublink-animation.default\">\n\t\t\t\t<div class=\"elementor-widget-container\">\n\t\t\t\t\t<div class=\"edublink-animation-widget edublink-animation-display-type-mouse-track edublink-animation-content-type-color edublink-mouse-track-item\"><span data-depth=\"\"><span class=\"edublink-animation-widget-color\"><\/span><\/span><\/div>\t\t\t\t<\/div>\n\t\t\t\t<\/div>\n\t\t\t\t<section class=\"elementor-section elementor-inner-section elementor-element elementor-element-5b66577 elementor-section-full_width elementor-section-height-default elementor-section-height-default wpr-particle-no wpr-jarallax-no wpr-parallax-no wpr-sticky-section-no\" data-id=\"5b66577\" data-element_type=\"section\">\n\t\t\t\t\t\t<div class=\"elementor-container elementor-column-gap-no\">\n\t\t\t\t\t<div class=\"elementor-column elementor-col-100 elementor-inner-column elementor-element elementor-element-2377e40 elementor-invisible\" data-id=\"2377e40\" data-element_type=\"column\" data-settings=\"{&quot;animation&quot;:&quot;edublink--slide-up&quot;,&quot;animation_delay&quot;:250}\">\n\t\t\t<div class=\"elementor-widget-wrap elementor-element-populated\">\n\t\t\t\t\t\t<div class=\"elementor-element elementor-element-43cc267 elementor-invisible elementor-widget elementor-widget-edublink-heading\" data-id=\"43cc267\" data-element_type=\"widget\" data-settings=\"{&quot;_animation&quot;:&quot;edublink--slide-up&quot;,&quot;_animation_delay&quot;:150}\" data-widget_type=\"edublink-heading.default\">\n\t\t\t\t<div class=\"elementor-widget-container\">\n\t\t\t\t\t<div class=\"edublink-section-heading\"><h3 class=\"heading\">Documentos esenciales<\/h3><div class=\"title-shape\"><i class=\"icon-19\"><\/i><\/div><\/div>\t\t\t\t<\/div>\n\t\t\t\t<\/div>\n\t\t\t\t\t<\/div>\n\t\t<\/div>\n\t\t\t\t\t<\/div>\n\t\t<\/section>\n\t\t\t\t\t<\/div>\n\t\t<\/div>\n\t\t\t\t<div class=\"elementor-column elementor-col-50 elementor-top-column elementor-element elementor-element-7f95123\" data-id=\"7f95123\" data-element_type=\"column\">\n\t\t\t<div class=\"elementor-widget-wrap elementor-element-populated\">\n\t\t\t\t\t\t<section class=\"elementor-section elementor-inner-section elementor-element elementor-element-f2f25f9 elementor-section-full_width elementor-section-height-default elementor-section-height-default wpr-particle-no wpr-jarallax-no wpr-parallax-no wpr-sticky-section-no\" data-id=\"f2f25f9\" data-element_type=\"section\">\n\t\t\t\t\t\t<div class=\"elementor-container elementor-column-gap-no\">\n\t\t\t\t\t<div class=\"elementor-column elementor-col-100 elementor-inner-column elementor-element elementor-element-933a1e3\" data-id=\"933a1e3\" data-element_type=\"column\">\n\t\t\t<div class=\"elementor-widget-wrap elementor-element-populated\">\n\t\t\t\t\t\t<div class=\"elementor-element elementor-element-6a744a1 elementor-widget__width-auto elementor-absolute elementor-hidden-tablet elementor-hidden-mobile elementor-invisible elementor-widget elementor-widget-edublink-animation\" data-id=\"6a744a1\" data-element_type=\"widget\" data-settings=\"{&quot;_position&quot;:&quot;absolute&quot;,&quot;_animation&quot;:&quot;fadeIn&quot;,&quot;_animation_delay&quot;:500}\" data-widget_type=\"edublink-animation.default\">\n\t\t\t\t<div class=\"elementor-widget-container\">\n\t\t\t\t\t<div class=\"edublink-animation-widget edublink-animation-display-type-mouse-track edublink-animation-content-type-image edublink-mouse-track-item\"><span data-depth=\"-2\"><img decoding=\"async\" src=\"https:\/\/www.ausjal.org\/wp-content\/uploads\/2024\/09\/a-shape-03-1.png\" alt=\"a-shape-03-1\"><\/span><\/div>\t\t\t\t<\/div>\n\t\t\t\t<\/div>\n\t\t\t\t<div class=\"elementor-element elementor-element-e909ea2 elementor-widget elementor-widget-heading\" data-id=\"e909ea2\" data-element_type=\"widget\" data-widget_type=\"heading.default\">\n\t\t\t\t<div class=\"elementor-widget-container\">\n\t\t\t\t\t<span class=\"elementor-heading-title elementor-size-default\">Explora una colecci\u00f3n de documentos fundamentales que reflejan la identidad y misi\u00f3n de las universidades de la Compa\u00f1\u00eda de Jes\u00fas. Principios y recursos que gu\u00edan nuestra labor educativa y el compromiso con la excelencia acad\u00e9mica.<\/span>\t\t\t\t<\/div>\n\t\t\t\t<\/div>\n\t\t\t\t\t<\/div>\n\t\t<\/div>\n\t\t\t\t\t<\/div>\n\t\t<\/section>\n\t\t\t\t\t<\/div>\n\t\t<\/div>\n\t\t\t\t\t<\/div>\n\t\t<\/section>\n\t\t<div class=\"elementor-element elementor-element-4558106 e-flex e-con-boxed wpr-particle-no wpr-jarallax-no wpr-parallax-no wpr-sticky-section-no e-con e-parent\" data-id=\"4558106\" data-element_type=\"container\">\n\t\t\t\t\t<div class=\"e-con-inner\">\n\t\t\t\t<div class=\"elementor-element elementor-element-d17df59 elementor-widget elementor-widget-edublink-post\" data-id=\"d17df59\" data-element_type=\"widget\" data-widget_type=\"edublink-post.default\">\n\t\t\t\t<div class=\"elementor-widget-container\">\n\t\t\t\t\t<div ><div class=\"eb-blog-post-wrapper eb-post-style-4 eb-post-grid edublink-row\"><div class=\"eb-post-one-single-grid edublink-col-lg-3 edublink-col-md-6 edublink-col-sm-12\" data-sal=\"\"><div class=\"edu-blog blog-style-4\"><div class=\"inner\"><div class=\"thumbnail\"><a href=\"https:\/\/www.ausjal.org\/en\/de-las-4c-a-la-quinta-c-taller-de-ausjal-profundiza-en-la-coherencia-como-sello-de-la-identidad-ignaciana\/\"><img decoding=\"async\" src=\"https:\/\/www.ausjal.org\/wp-content\/uploads\/2025\/09\/WhatsApp-Image-2025-09-17-at-14.07.19-590x430.jpeg\" alt=\"WhatsApp Image 2025-09-17 at 14.07.19\" \/><\/a><\/div><div class=\"content\"><div class=\"read-more-btn\"><a class=\"btn-icon-square\" href=\"https:\/\/www.ausjal.org\/en\/de-las-4c-a-la-quinta-c-taller-de-ausjal-profundiza-en-la-coherencia-como-sello-de-la-identidad-ignaciana\/\"><i class=\"icon-4\"><\/i><\/a><\/div><ul class=\"blog-meta\"><li><i class=\"icon-27\"><\/i>22\/09\/2025<\/li><li><i class=\"icon-28\"><\/i> Com 0<\/li><\/ul><h5 class=\"title\"><a href=\"https:\/\/www.ausjal.org\/en\/de-las-4c-a-la-quinta-c-taller-de-ausjal-profundiza-en-la-coherencia-como-sello-de-la-identidad-ignaciana\/\">De las 4C a la &#8220;Quinta C&#8221;: Taller de AUSJAL profundiza en la Coherencia como sello de la Identidad Ignaciana<\/a><\/h5><\/div><\/div><\/div><\/div><div class=\"eb-post-one-single-grid edublink-col-lg-3 edublink-col-md-6 edublink-col-sm-12\" data-sal=\"\"><div class=\"edu-blog blog-style-4\"><div class=\"inner\"><div class=\"thumbnail\"><a href=\"https:\/\/www.ausjal.org\/en\/la-universidad-jesuita-testimonio-de-esperanza-presencia-creativa-y-dialogante\/\"><img decoding=\"async\" src=\"https:\/\/www.ausjal.org\/wp-content\/uploads\/2025\/07\/Diseno-sin-titulo-1-590x430.jpg\" alt=\"Dise\u00f1o sin t\u00edtulo (1)\" \/><\/a><\/div><div class=\"content\"><div class=\"read-more-btn\"><a class=\"btn-icon-square\" href=\"https:\/\/www.ausjal.org\/en\/la-universidad-jesuita-testimonio-de-esperanza-presencia-creativa-y-dialogante\/\"><i class=\"icon-4\"><\/i><\/a><\/div><ul class=\"blog-meta\"><li><i class=\"icon-27\"><\/i>10\/07\/2025<\/li><li><i class=\"icon-28\"><\/i> Com 0<\/li><\/ul><h5 class=\"title\"><a href=\"https:\/\/www.ausjal.org\/en\/la-universidad-jesuita-testimonio-de-esperanza-presencia-creativa-y-dialogante\/\">La universidad jesuita: testimonio de esperanza, presencia creativa y dialogante<\/a><\/h5><\/div><\/div><\/div><\/div><div class=\"eb-post-one-single-grid edublink-col-lg-3 edublink-col-md-6 edublink-col-sm-12\" data-sal=\"\"><div class=\"edu-blog blog-style-4\"><div class=\"inner\"><div class=\"thumbnail\"><a href=\"https:\/\/www.ausjal.org\/en\/en-busca-de-la-refundacion-universitaria-latinoamericana\/\"><img decoding=\"async\" src=\"https:\/\/www.ausjal.org\/wp-content\/uploads\/2025\/01\/En-busca-de-la-Refundacion-Universitaria-Latinoamericana-590x430.jpg\" alt=\"En busca de la Refundaci\u00f3n Universitaria Latinoamericana\" \/><\/a><\/div><div class=\"content\"><div class=\"read-more-btn\"><a class=\"btn-icon-square\" href=\"https:\/\/www.ausjal.org\/en\/en-busca-de-la-refundacion-universitaria-latinoamericana\/\"><i class=\"icon-4\"><\/i><\/a><\/div><ul class=\"blog-meta\"><li><i class=\"icon-27\"><\/i>22\/01\/2025<\/li><li><i class=\"icon-28\"><\/i> Com 0<\/li><\/ul><h5 class=\"title\"><a href=\"https:\/\/www.ausjal.org\/en\/en-busca-de-la-refundacion-universitaria-latinoamericana\/\">En busca de la Refundaci\u00f3n Universitaria Latinoamericana<\/a><\/h5><\/div><\/div><\/div><\/div><div class=\"eb-post-one-single-grid edublink-col-lg-3 edublink-col-md-6 edublink-col-sm-12\" data-sal=\"\"><div class=\"edu-blog blog-style-4\"><div class=\"inner\"><div class=\"thumbnail\"><a href=\"https:\/\/www.ausjal.org\/en\/apostolado-intelectual-un-discernimiento-necesario\/\"><img decoding=\"async\" src=\"https:\/\/www.ausjal.org\/wp-content\/uploads\/2025\/01\/Apostolado-intelectual-Un-discernimiento-necesario-590x430.jpg\" alt=\"Apostolado intelectual Un discernimiento necesario\" \/><\/a><\/div><div class=\"content\"><div class=\"read-more-btn\"><a class=\"btn-icon-square\" href=\"https:\/\/www.ausjal.org\/en\/apostolado-intelectual-un-discernimiento-necesario\/\"><i class=\"icon-4\"><\/i><\/a><\/div><ul class=\"blog-meta\"><li><i class=\"icon-27\"><\/i>22\/01\/2025<\/li><li><i class=\"icon-28\"><\/i> Com 0<\/li><\/ul><h5 class=\"title\"><a href=\"https:\/\/www.ausjal.org\/en\/apostolado-intelectual-un-discernimiento-necesario\/\">Apostolado intelectual: Un discernimiento necesario<\/a><\/h5><\/div><\/div><\/div><\/div><div class=\"eb-post-one-single-grid edublink-col-lg-3 edublink-col-md-6 edublink-col-sm-12\" data-sal=\"\"><div class=\"edu-blog blog-style-4\"><div class=\"inner\"><div class=\"thumbnail\"><a href=\"https:\/\/www.ausjal.org\/en\/anotaciones-sobre-la-pastoral-educativa-universitaria\/\"><img decoding=\"async\" src=\"https:\/\/www.ausjal.org\/wp-content\/uploads\/2025\/01\/Anotaciones-sobre-la-Pastoral-Educativa-Universitaria-590x430.jpg\" alt=\"Anotaciones sobre la Pastoral Educativa Universitaria\" \/><\/a><\/div><div class=\"content\"><div class=\"read-more-btn\"><a class=\"btn-icon-square\" href=\"https:\/\/www.ausjal.org\/en\/anotaciones-sobre-la-pastoral-educativa-universitaria\/\"><i class=\"icon-4\"><\/i><\/a><\/div><ul class=\"blog-meta\"><li><i class=\"icon-27\"><\/i>22\/01\/2025<\/li><li><i class=\"icon-28\"><\/i> Com 0<\/li><\/ul><h5 class=\"title\"><a href=\"https:\/\/www.ausjal.org\/en\/anotaciones-sobre-la-pastoral-educativa-universitaria\/\">Anotaciones sobre la Pastoral Educativa Universitaria<\/a><\/h5><\/div><\/div><\/div><\/div><div class=\"eb-post-one-single-grid edublink-col-lg-3 edublink-col-md-6 edublink-col-sm-12\" data-sal=\"\"><div class=\"edu-blog blog-style-4\"><div class=\"inner\"><div class=\"thumbnail\"><a href=\"https:\/\/www.ausjal.org\/en\/el-servicio-de-la-fe-y-la-promocion-de-la-justicia-en-la-educacion-universitaria-de-la-compania-de-jesus-de-estados-unidos\/\"><img decoding=\"async\" src=\"https:\/\/www.ausjal.org\/wp-content\/uploads\/2025\/01\/El-servicio-de-la-fe-y-la-promocion-de-la-justicia-en-la-educacion-universitaria-de-la-Compania-de-Jesus-de-Es-1_page-0001-590x430.jpg\" alt=\"El servicio de la fe y la promocion de la justicia en la educacion universitaria de la Compania de Jesus de Es-1_page-0001\" \/><\/a><\/div><div class=\"content\"><div class=\"read-more-btn\"><a class=\"btn-icon-square\" href=\"https:\/\/www.ausjal.org\/en\/el-servicio-de-la-fe-y-la-promocion-de-la-justicia-en-la-educacion-universitaria-de-la-compania-de-jesus-de-estados-unidos\/\"><i class=\"icon-4\"><\/i><\/a><\/div><ul class=\"blog-meta\"><li><i class=\"icon-27\"><\/i>22\/01\/2025<\/li><li><i class=\"icon-28\"><\/i> Com 0<\/li><\/ul><h5 class=\"title\"><a href=\"https:\/\/www.ausjal.org\/en\/el-servicio-de-la-fe-y-la-promocion-de-la-justicia-en-la-educacion-universitaria-de-la-compania-de-jesus-de-estados-unidos\/\">El servicio de la fe y la promoci\u00f3n de la justicia en la educaci\u00f3n universitaria de la Compa\u00f1\u00eda de Jes\u00fas de Estados Unidos<\/a><\/h5><\/div><\/div><\/div><\/div><div class=\"eb-post-one-single-grid edublink-col-lg-3 edublink-col-md-6 edublink-col-sm-12\" data-sal=\"\"><div class=\"edu-blog blog-style-4\"><div class=\"inner\"><div class=\"thumbnail\"><a href=\"https:\/\/www.ausjal.org\/en\/desafios-de-las-universidades-jesuitas-en-america-latina-la-identidad-ignaciana\/\"><img decoding=\"async\" src=\"https:\/\/www.ausjal.org\/wp-content\/uploads\/2025\/01\/Desafios-de-las-Universidades-Jesuitas-en-America-Latina-La-Identidad-Ignaciana-590x430.jpg\" alt=\"Desaf\u00edos de las Universidades Jesuitas en Am\u00e9rica Latina La Identidad Ignaciana\" \/><\/a><\/div><div class=\"content\"><div class=\"read-more-btn\"><a class=\"btn-icon-square\" href=\"https:\/\/www.ausjal.org\/en\/desafios-de-las-universidades-jesuitas-en-america-latina-la-identidad-ignaciana\/\"><i class=\"icon-4\"><\/i><\/a><\/div><ul class=\"blog-meta\"><li><i class=\"icon-27\"><\/i>22\/01\/2025<\/li><li><i class=\"icon-28\"><\/i> Com 0<\/li><\/ul><h5 class=\"title\"><a href=\"https:\/\/www.ausjal.org\/en\/desafios-de-las-universidades-jesuitas-en-america-latina-la-identidad-ignaciana\/\">Desaf\u00edos de las Universidades Jesuitas en Am\u00e9rica Latina: La Identidad Ignaciana<\/a><\/h5><\/div><\/div><\/div><\/div><div class=\"eb-post-one-single-grid edublink-col-lg-3 edublink-col-md-6 edublink-col-sm-12\" data-sal=\"\"><div class=\"edu-blog blog-style-4\"><div class=\"inner\"><div class=\"thumbnail\"><a href=\"https:\/\/www.ausjal.org\/en\/identidad-ignaciana-y-universidad\/\"><img decoding=\"async\" src=\"https:\/\/www.ausjal.org\/wp-content\/uploads\/2025\/01\/Identidad-Ignaciana-y-Universidad-590x430.jpg\" alt=\"Identidad Ignaciana y Universidad\" \/><\/a><\/div><div class=\"content\"><div class=\"read-more-btn\"><a class=\"btn-icon-square\" href=\"https:\/\/www.ausjal.org\/en\/identidad-ignaciana-y-universidad\/\"><i class=\"icon-4\"><\/i><\/a><\/div><ul class=\"blog-meta\"><li><i class=\"icon-27\"><\/i>22\/01\/2025<\/li><li><i class=\"icon-28\"><\/i> Com 0<\/li><\/ul><h5 class=\"title\"><a href=\"https:\/\/www.ausjal.org\/en\/identidad-ignaciana-y-universidad\/\">Identidad Ignaciana y Universidad<\/a><\/h5><\/div><\/div><\/div><\/div><div class=\"eb-post-one-single-grid edublink-col-lg-3 edublink-col-md-6 edublink-col-sm-12\" data-sal=\"\"><div class=\"edu-blog blog-style-4\"><div class=\"inner\"><div class=\"thumbnail\"><a href=\"https:\/\/www.ausjal.org\/en\/mision-y-universidad-que-futuro-queremos\/\"><img decoding=\"async\" src=\"https:\/\/www.ausjal.org\/wp-content\/uploads\/2025\/01\/Mision-y-Universidad-\u00bfQue-futuro-queremos-\u2013-Conferencia-ESADE-Barcelona_page-0001-590x430.jpg\" alt=\"Misi\u00f3n y Universidad \u00bfQu\u00e9 futuro queremos \u2013 Conferencia ESADE, Barcelona_page-0001\" \/><\/a><\/div><div class=\"content\"><div class=\"read-more-btn\"><a class=\"btn-icon-square\" href=\"https:\/\/www.ausjal.org\/en\/mision-y-universidad-que-futuro-queremos\/\"><i class=\"icon-4\"><\/i><\/a><\/div><ul class=\"blog-meta\"><li><i class=\"icon-27\"><\/i>22\/01\/2025<\/li><li><i class=\"icon-28\"><\/i> Com 0<\/li><\/ul><h5 class=\"title\"><a href=\"https:\/\/www.ausjal.org\/en\/mision-y-universidad-que-futuro-queremos\/\">Misi\u00f3n y Universidad: \u00bfQu\u00e9 futuro queremos?<\/a><\/h5><\/div><\/div><\/div><\/div><div class=\"eb-post-one-single-grid edublink-col-lg-3 edublink-col-md-6 edublink-col-sm-12\" data-sal=\"\"><div class=\"edu-blog blog-style-4\"><div class=\"inner\"><div class=\"thumbnail\"><a href=\"https:\/\/www.ausjal.org\/en\/universidades-para-el-mundo\/\"><img decoding=\"async\" src=\"https:\/\/www.ausjal.org\/wp-content\/uploads\/2025\/01\/Universidades-para-el-mundo-590x430.jpg\" alt=\"Universidades para el mundo\" \/><\/a><\/div><div class=\"content\"><div class=\"read-more-btn\"><a class=\"btn-icon-square\" href=\"https:\/\/www.ausjal.org\/en\/universidades-para-el-mundo\/\"><i class=\"icon-4\"><\/i><\/a><\/div><ul class=\"blog-meta\"><li><i class=\"icon-27\"><\/i>22\/01\/2025<\/li><li><i class=\"icon-28\"><\/i> Com 0<\/li><\/ul><h5 class=\"title\"><a href=\"https:\/\/www.ausjal.org\/en\/universidades-para-el-mundo\/\">Universidades para el mundo<\/a><\/h5><\/div><\/div><\/div><\/div><div class=\"eb-post-one-single-grid edublink-col-lg-3 edublink-col-md-6 edublink-col-sm-12\" data-sal=\"\"><div class=\"edu-blog blog-style-4\"><div class=\"inner\"><div class=\"thumbnail\"><a href=\"https:\/\/www.ausjal.org\/en\/trabajar-en-red-para-responder-mejor-a-la-mision\/\"><img decoding=\"async\" src=\"https:\/\/www.ausjal.org\/wp-content\/uploads\/2025\/01\/Trabajar-en-red-para-responder-mejor-a-la-mision.-Redes-del-sector-social-de-la-Compania-de-Jesus-590x430.jpg\" alt=\"Trabajar en red para responder mejor a la misi\u00f3n. Redes del sector social de la Compa\u00f1\u00eda de Jes\u00fas\" \/><\/a><\/div><div class=\"content\"><div class=\"read-more-btn\"><a class=\"btn-icon-square\" href=\"https:\/\/www.ausjal.org\/en\/trabajar-en-red-para-responder-mejor-a-la-mision\/\"><i class=\"icon-4\"><\/i><\/a><\/div><ul class=\"blog-meta\"><li><i class=\"icon-27\"><\/i>22\/01\/2025<\/li><li><i class=\"icon-28\"><\/i> Com 0<\/li><\/ul><h5 class=\"title\"><a href=\"https:\/\/www.ausjal.org\/en\/trabajar-en-red-para-responder-mejor-a-la-mision\/\">Trabajar en red para responder mejor a la misi\u00f3n<\/a><\/h5><\/div><\/div><\/div><\/div><div class=\"eb-post-one-single-grid edublink-col-lg-3 edublink-col-md-6 edublink-col-sm-12\" data-sal=\"\"><div class=\"edu-blog blog-style-4\"><div class=\"inner\"><div class=\"thumbnail\"><a href=\"https:\/\/www.ausjal.org\/en\/challenges-to-jesuit-higher-education-today\/\"><img decoding=\"async\" src=\"https:\/\/www.ausjal.org\/wp-content\/uploads\/2025\/01\/Challenges-to-Jesuit-higher-education-today-590x430.jpg\" alt=\"Challenges to Jesuit higher education today\" \/><\/a><\/div><div class=\"content\"><div class=\"read-more-btn\"><a class=\"btn-icon-square\" href=\"https:\/\/www.ausjal.org\/en\/challenges-to-jesuit-higher-education-today\/\"><i class=\"icon-4\"><\/i><\/a><\/div><ul class=\"blog-meta\"><li><i class=\"icon-27\"><\/i>22\/01\/2025<\/li><li><i class=\"icon-28\"><\/i> Com 0<\/li><\/ul><h5 class=\"title\"><a href=\"https:\/\/www.ausjal.org\/en\/challenges-to-jesuit-higher-education-today\/\">Challenges to Jesuit higher education today<\/a><\/h5><\/div><\/div><\/div><\/div><div class=\"eb-post-one-single-grid edublink-col-lg-3 edublink-col-md-6 edublink-col-sm-12\" data-sal=\"\"><div class=\"edu-blog blog-style-4\"><div class=\"inner\"><div class=\"thumbnail\"><a href=\"https:\/\/www.ausjal.org\/en\/proyecto-educativo-comun\/\"><img decoding=\"async\" src=\"https:\/\/www.ausjal.org\/wp-content\/uploads\/2025\/01\/Proyecto-Educativo-Comun-590x430.jpg\" alt=\"Proyecto Educativo Com\u00fan\" \/><\/a><\/div><div class=\"content\"><div class=\"read-more-btn\"><a class=\"btn-icon-square\" href=\"https:\/\/www.ausjal.org\/en\/proyecto-educativo-comun\/\"><i class=\"icon-4\"><\/i><\/a><\/div><ul class=\"blog-meta\"><li><i class=\"icon-27\"><\/i>22\/01\/2025<\/li><li><i class=\"icon-28\"><\/i> Com 0<\/li><\/ul><h5 class=\"title\"><a href=\"https:\/\/www.ausjal.org\/en\/proyecto-educativo-comun\/\">Proyecto Educativo Com\u00fan<\/a><\/h5><\/div><\/div><\/div><\/div><div class=\"eb-post-one-single-grid edublink-col-lg-3 edublink-col-md-6 edublink-col-sm-12\" data-sal=\"\"><div class=\"edu-blog blog-style-4\"><div class=\"inner\"><div class=\"thumbnail\"><a href=\"https:\/\/www.ausjal.org\/en\/convenio-de-cooperacion-academica-cientifica-y-cultural-entre-las-universidades-de-ausjal\/\"><img decoding=\"async\" src=\"https:\/\/www.ausjal.org\/wp-content\/uploads\/2025\/01\/Convenio-de-Cooperacion-firmado-en-Asamblea-Mayo-de-2009-1_page-0001-590x430.jpg\" alt=\"Convenio de Cooperaci\u00f3n firmado en Asamblea Mayo de 2009-1_page-0001\" \/><\/a><\/div><div class=\"content\"><div class=\"read-more-btn\"><a class=\"btn-icon-square\" href=\"https:\/\/www.ausjal.org\/en\/convenio-de-cooperacion-academica-cientifica-y-cultural-entre-las-universidades-de-ausjal\/\"><i class=\"icon-4\"><\/i><\/a><\/div><ul class=\"blog-meta\"><li><i class=\"icon-27\"><\/i>21\/01\/2025<\/li><li><i class=\"icon-28\"><\/i> Com 0<\/li><\/ul><h5 class=\"title\"><a href=\"https:\/\/www.ausjal.org\/en\/convenio-de-cooperacion-academica-cientifica-y-cultural-entre-las-universidades-de-ausjal\/\">Convenio de Cooperaci\u00f3n Acad\u00e9mica, Cient\u00edfica y Cultural entre las Universidades de AUSJAL<\/a><\/h5><\/div><\/div><\/div><\/div><\/div><\/div>\t\t\t\t<\/div>\n\t\t\t\t<\/div>\n\t\t\t\t\t<\/div>\n\t\t\t\t<\/div>\n\t\t<div class=\"elementor-element elementor-element-e6d14cd e-flex e-con-boxed wpr-particle-no wpr-jarallax-no wpr-parallax-no wpr-sticky-section-no e-con e-parent\" data-id=\"e6d14cd\" data-element_type=\"container\">\n\t\t\t\t\t<div class=\"e-con-inner\">\n\t\t\t\t<div class=\"elementor-element elementor-element-1551012 elementor-widget elementor-widget-edublink-button\" data-id=\"1551012\" data-element_type=\"widget\" data-widget_type=\"edublink-button.default\">\n\t\t\t\t<div class=\"elementor-widget-container\">\n\t\t\t\t\t<div class=\"edublink-button-widget-wrapper\"><a class=\"edublink-button-item edublink-button-style-default edublink-button-size-custom edublink-button-icon-position-after default-style\" href=\"https:\/\/www.ausjal.org\/en\/category\/publicaciones\/\">View All<i class=\"icon-4\"><\/i><\/a><\/div>\t\t\t\t<\/div>\n\t\t\t\t<\/div>\n\t\t\t\t\t<\/div>\n\t\t\t\t<\/div>\n\t\t\t\t<\/div>","protected":false},"excerpt":{"rendered":"<p>Identidad y misi\u00f3n universitaria Documentos esenciales Explora una colecci\u00f3n de documentos fundamentales que reflejan la identidad y misi\u00f3n de las&#8230;<\/p>","protected":false},"author":3,"featured_media":0,"parent":0,"menu_order":0,"comment_status":"closed","ping_status":"closed","template":"","meta":{"cybocfi_hide_featured_image":"","footnotes":""},"class_list":["post-27593","page","type-page","status-publish","hentry"],"_links":{"self":[{"href":"https:\/\/www.ausjal.org\/en\/wp-json\/wp\/v2\/pages\/27593","targetHints":{"allow":["GET"]}}],"collection":[{"href":"https:\/\/www.ausjal.org\/en\/wp-json\/wp\/v2\/pages"}],"about":[{"href":"https:\/\/www.ausjal.org\/en\/wp-json\/wp\/v2\/types\/page"}],"author":[{"embeddable":true,"href":"https:\/\/www.ausjal.org\/en\/wp-json\/wp\/v2\/users\/3"}],"replies":[{"embeddable":true,"href":"https:\/\/www.ausjal.org\/en\/wp-json\/wp\/v2\/comments?post=27593"}],"version-history":[{"count":28,"href":"https:\/\/www.ausjal.org\/en\/wp-json\/wp\/v2\/pages\/27593\/revisions"}],"predecessor-version":[{"id":29970,"href":"https:\/\/www.ausjal.org\/en\/wp-json\/wp\/v2\/pages\/27593\/revisions\/29970"}],"wp:attachment":[{"href":"https:\/\/www.ausjal.org\/en\/wp-json\/wp\/v2\/media?parent=27593"}],"curies":[{"name":"wp","href":"https:\/\/api.w.org\/{rel}","templated":true}]}}