{"id":27334,"date":"2024-11-03T21:20:02","date_gmt":"2024-11-04T02:20:02","guid":{"rendered":"https:\/\/develop.ibero.mx\/ausjalorg\/?page_id=27334"},"modified":"2025-01-22T12:51:43","modified_gmt":"2025-01-22T17:51:43","slug":"ausjal-al-dia","status":"publish","type":"page","link":"https:\/\/www.ausjal.org\/en\/ausjal-al-dia\/","title":{"rendered":"AUSJAL al d\u00eda"},"content":{"rendered":"<div data-elementor-type=\"wp-page\" data-elementor-id=\"27334\" class=\"elementor elementor-27334\">\n\t\t\t\t<div class=\"wpr-jarallax elementor-element elementor-element-ebdc97b e-con-full wpr-jarallax-yes e-flex wpr-sticky-section-no e-con e-parent\" speed-data=\"1.4\" bg-image=\"https:\/\/www.ausjal.org\/wp-content\/uploads\/2024\/11\/ausjal-al-dia.jpg\" scroll-effect=\"scroll\" data-id=\"ebdc97b\" data-element_type=\"container\">\n\t\t\t\t<div class=\"elementor-element elementor-element-bdc523d elementor-widget elementor-widget-heading\" data-id=\"bdc523d\" data-element_type=\"widget\" data-widget_type=\"heading.default\">\n\t\t\t\t<div class=\"elementor-widget-container\">\n\t\t\t\t\t<h2 class=\"elementor-heading-title elementor-size-default\">AUSJAL al d\u00eda<\/h2>\t\t\t\t<\/div>\n\t\t\t\t<\/div>\n\t\t\t\t<\/div>\n\t\t\t\t<section class=\"elementor-section elementor-top-section elementor-element elementor-element-50b6b69 elementor-section-boxed elementor-section-height-default elementor-section-height-default wpr-particle-no wpr-jarallax-no wpr-parallax-no wpr-sticky-section-no\" data-id=\"50b6b69\" data-element_type=\"section\" data-settings=\"{&quot;background_background&quot;:&quot;gradient&quot;,&quot;shape_divider_bottom&quot;:&quot;tilt&quot;}\">\n\t\t\t\t\t\t\t<div class=\"elementor-background-overlay\"><\/div>\n\t\t\t\t\t\t<div class=\"elementor-shape elementor-shape-bottom\" data-negative=\"false\">\n\t\t\t<svg xmlns=\"http:\/\/www.w3.org\/2000\/svg\" viewbox=\"0 0 1000 100\" preserveaspectratio=\"none\">\n\t<path class=\"elementor-shape-fill\" d=\"M0,6V0h1000v100L0,6z\"\/>\n<\/svg>\t\t<\/div>\n\t\t\t\t\t<div class=\"elementor-container elementor-column-gap-extended\">\n\t\t\t\t\t<div class=\"elementor-column elementor-col-100 elementor-top-column elementor-element elementor-element-a40e901 elementor-invisible\" data-id=\"a40e901\" data-element_type=\"column\" data-settings=\"{&quot;animation&quot;:&quot;edublink--slide-left&quot;,&quot;animation_delay&quot;:150}\">\n\t\t\t<div class=\"elementor-widget-wrap elementor-element-populated\">\n\t\t\t\t\t\t<div class=\"elementor-element elementor-element-303f7ad elementor-widget elementor-widget-edublink-heading\" data-id=\"303f7ad\" data-element_type=\"widget\" data-widget_type=\"edublink-heading.default\">\n\t\t\t\t<div class=\"elementor-widget-container\">\n\t\t\t\t\t<div class=\"edublink-section-heading\"><h3 class=\"heading\">\u00danete a  <mark class=\"edublink-color-primary\">nuestro bolet\u00edn<\/mark><\/h3><div class=\"title-shape\"><i class=\"icon-19\"><\/i><\/div><div class=\"sub-heading\"><p>Recibe las \u00faltimas novedades, eventos y oportunidades de formaci\u00f3n de nuestra Asociaci\u00f3n.<\/p><p>Completa el formulario y no te pierdas de nada.<\/p><\/div><\/div>\t\t\t\t<\/div>\n\t\t\t\t<\/div>\n\t\t\t\t<div class=\"elementor-element elementor-element-ad39931 elementor-widget elementor-widget-edublink-button\" data-id=\"ad39931\" data-element_type=\"widget\" data-widget_type=\"edublink-button.default\">\n\t\t\t\t<div class=\"elementor-widget-container\">\n\t\t\t\t\t<div class=\"edublink-button-widget-wrapper\"><a class=\"edublink-button-item edublink-button-style-default edublink-button-size-custom edublink-button-icon-position-after default-style\" href=\"http:\/\/eepurl.com\/ilG7hk\">Suscribirme<i class=\"icon-4\"><\/i><\/a><\/div>\t\t\t\t<\/div>\n\t\t\t\t<\/div>\n\t\t\t\t\t<\/div>\n\t\t<\/div>\n\t\t\t\t\t<\/div>\n\t\t<\/section>\n\t\t\t\t<\/div>","protected":false},"excerpt":{"rendered":"<p>AUSJAL al d\u00eda \u00danete a nuestro bolet\u00edn Recibe las \u00faltimas novedades, eventos y oportunidades de formaci\u00f3n de nuestra Asociaci\u00f3n. Completa&#8230;<\/p>","protected":false},"author":3,"featured_media":0,"parent":0,"menu_order":0,"comment_status":"closed","ping_status":"closed","template":"","meta":{"cybocfi_hide_featured_image":"","footnotes":""},"class_list":["post-27334","page","type-page","status-publish","hentry"],"_links":{"self":[{"href":"https:\/\/www.ausjal.org\/en\/wp-json\/wp\/v2\/pages\/27334","targetHints":{"allow":["GET"]}}],"collection":[{"href":"https:\/\/www.ausjal.org\/en\/wp-json\/wp\/v2\/pages"}],"about":[{"href":"https:\/\/www.ausjal.org\/en\/wp-json\/wp\/v2\/types\/page"}],"author":[{"embeddable":true,"href":"https:\/\/www.ausjal.org\/en\/wp-json\/wp\/v2\/users\/3"}],"replies":[{"embeddable":true,"href":"https:\/\/www.ausjal.org\/en\/wp-json\/wp\/v2\/comments?post=27334"}],"version-history":[{"count":13,"href":"https:\/\/www.ausjal.org\/en\/wp-json\/wp\/v2\/pages\/27334\/revisions"}],"predecessor-version":[{"id":29905,"href":"https:\/\/www.ausjal.org\/en\/wp-json\/wp\/v2\/pages\/27334\/revisions\/29905"}],"wp:attachment":[{"href":"https:\/\/www.ausjal.org\/en\/wp-json\/wp\/v2\/media?parent=27334"}],"curies":[{"name":"wp","href":"https:\/\/api.w.org\/{rel}","templated":true}]}}