{"id":26421,"date":"2024-09-28T21:52:08","date_gmt":"2024-09-29T02:52:08","guid":{"rendered":"https:\/\/develop.ibero.mx\/ausjalorg\/?page_id=26421"},"modified":"2026-01-21T15:34:06","modified_gmt":"2026-01-21T21:34:06","slug":"universidades","status":"publish","type":"page","link":"https:\/\/www.ausjal.org\/en\/universidades\/","title":{"rendered":"Universidades"},"content":{"rendered":"<div data-elementor-type=\"wp-page\" data-elementor-id=\"26421\" class=\"elementor elementor-26421\">\n\t\t\t\t<div class=\"wpr-jarallax elementor-element elementor-element-6646b34 e-con-full wpr-jarallax-yes e-flex wpr-particle-no wpr-parallax-no wpr-sticky-section-no e-con e-parent\" speed-data=\"1.4\" bg-image=\"https:\/\/www.ausjal.org\/wp-content\/uploads\/2024\/10\/p-3_universidades-compressed.jpg\" scroll-effect=\"scroll\" data-id=\"6646b34\" data-element_type=\"container\" data-settings=\"{&quot;background_background&quot;:&quot;classic&quot;}\">\n\t\t\t\t<div class=\"elementor-element elementor-element-a900668 elementor-widget elementor-widget-heading\" data-id=\"a900668\" data-element_type=\"widget\" data-widget_type=\"heading.default\">\n\t\t\t\t<div class=\"elementor-widget-container\">\n\t\t\t\t\t<h2 class=\"elementor-heading-title elementor-size-default\">Universidades<\/h2>\t\t\t\t<\/div>\n\t\t\t\t<\/div>\n\t\t\t\t<\/div>\n\t\t\t\t<section class=\"elementor-section elementor-top-section elementor-element elementor-element-bd81480 elementor-section-full_width elementor-section-height-default elementor-section-height-default wpr-particle-no wpr-jarallax-no wpr-parallax-no wpr-sticky-section-no\" data-id=\"bd81480\" data-element_type=\"section\" data-settings=\"{&quot;background_background&quot;:&quot;classic&quot;,&quot;shape_divider_bottom&quot;:&quot;tilt&quot;}\">\n\t\t\t\t\t<div class=\"elementor-shape elementor-shape-bottom\" data-negative=\"false\">\n\t\t\t<svg xmlns=\"http:\/\/www.w3.org\/2000\/svg\" viewbox=\"0 0 1000 100\" preserveaspectratio=\"none\">\n\t<path class=\"elementor-shape-fill\" d=\"M0,6V0h1000v100L0,6z\"\/>\n<\/svg>\t\t<\/div>\n\t\t\t\t\t<div class=\"elementor-container elementor-column-gap-no\">\n\t\t\t\t\t<div class=\"elementor-column elementor-col-100 elementor-top-column elementor-element elementor-element-ae6a1f8\" data-id=\"ae6a1f8\" data-element_type=\"column\">\n\t\t\t<div class=\"elementor-widget-wrap elementor-element-populated\">\n\t\t\t\t\t\t<section class=\"elementor-section elementor-inner-section elementor-element elementor-element-05cf922 elementor-section-full_width elementor-section-height-default elementor-section-height-default wpr-particle-no wpr-jarallax-no wpr-parallax-no wpr-sticky-section-no\" data-id=\"05cf922\" data-element_type=\"section\">\n\t\t\t\t\t\t<div class=\"elementor-container elementor-column-gap-no\">\n\t\t\t\t\t<div class=\"elementor-column elementor-col-100 elementor-inner-column elementor-element elementor-element-d197b6f\" data-id=\"d197b6f\" data-element_type=\"column\">\n\t\t\t<div class=\"elementor-widget-wrap elementor-element-populated\">\n\t\t\t\t\t\t<div class=\"elementor-element elementor-element-ab202af elementor-widget__width-auto elementor-absolute elementor-hidden-tablet elementor-hidden-mobile elementor-hidden-desktop elementor-invisible elementor-widget elementor-widget-edublink-animation\" data-id=\"ab202af\" data-element_type=\"widget\" data-settings=\"{&quot;_position&quot;:&quot;absolute&quot;,&quot;_animation&quot;:&quot;fadeIn&quot;,&quot;_animation_delay&quot;:500}\" data-widget_type=\"edublink-animation.default\">\n\t\t\t\t<div class=\"elementor-widget-container\">\n\t\t\t\t\t<div class=\"edublink-animation-widget edublink-animation-display-type-mouse-track edublink-animation-content-type-color edublink-mouse-track-item\"><span data-depth=\"1\"><span class=\"edublink-animation-widget-color\"><\/span><\/span><\/div>\t\t\t\t<\/div>\n\t\t\t\t<\/div>\n\t\t\t\t<div class=\"elementor-element elementor-element-d178ec7 elementor-widget__width-auto elementor-absolute elementor-hidden-tablet elementor-hidden-mobile elementor-invisible elementor-widget elementor-widget-edublink-animation\" data-id=\"d178ec7\" data-element_type=\"widget\" data-settings=\"{&quot;_position&quot;:&quot;absolute&quot;,&quot;_animation&quot;:&quot;fadeIn&quot;,&quot;_animation_delay&quot;:500}\" data-widget_type=\"edublink-animation.default\">\n\t\t\t\t<div class=\"elementor-widget-container\">\n\t\t\t\t\t<div class=\"edublink-animation-widget edublink-animation-display-type-mouse-track edublink-animation-content-type-color edublink-mouse-track-item\"><span data-depth=\"-1\"><span class=\"edublink-animation-widget-color\"><\/span><\/span><\/div>\t\t\t\t<\/div>\n\t\t\t\t<\/div>\n\t\t\t\t\t<\/div>\n\t\t<\/div>\n\t\t\t\t\t<\/div>\n\t\t<\/section>\n\t\t\t\t<section class=\"elementor-section elementor-inner-section elementor-element elementor-element-3c3a496 elementor-section-boxed elementor-section-height-default elementor-section-height-default wpr-particle-no wpr-jarallax-no wpr-parallax-no wpr-sticky-section-no\" data-id=\"3c3a496\" data-element_type=\"section\">\n\t\t\t\t\t\t<div class=\"elementor-container elementor-column-gap-extended\">\n\t\t\t\t\t<div class=\"elementor-column elementor-col-100 elementor-inner-column elementor-element elementor-element-f49e412\" data-id=\"f49e412\" data-element_type=\"column\">\n\t\t\t<div class=\"elementor-widget-wrap elementor-element-populated\">\n\t\t\t\t\t\t<div class=\"elementor-element elementor-element-a1b9f6d edublink-br-m-none elementor-invisible elementor-widget elementor-widget-edublink-heading\" data-id=\"a1b9f6d\" data-element_type=\"widget\" data-settings=\"{&quot;_animation&quot;:&quot;edublink--slide-up&quot;,&quot;_animation_delay&quot;:150}\" data-widget_type=\"edublink-heading.default\">\n\t\t\t\t<div class=\"elementor-widget-container\">\n\t\t\t\t\t<div class=\"edublink-section-heading\"><h3 class=\"heading\">30 <mark class=\"edublink-color-primary\">universidades<\/mark> jesuitas en red<\/h3><div class=\"title-shape\"><i class=\"icon-19\"><\/i><\/div><div class=\"sub-heading\"><p>Navega el mapa interactivo y descubre nuestras instituciones en 14 pa\u00edses de Am\u00e9rica Latina.<\/p><\/div><\/div>\t\t\t\t<\/div>\n\t\t\t\t<\/div>\n\t\t\t\t\t<\/div>\n\t\t<\/div>\n\t\t\t\t\t<\/div>\n\t\t<\/section>\n\t\t\t\t\t<\/div>\n\t\t<\/div>\n\t\t\t\t\t<\/div>\n\t\t<\/section>\n\t\t<div class=\"elementor-element elementor-element-3d3e7dd e-flex e-con-boxed wpr-particle-no wpr-jarallax-no wpr-parallax-no wpr-sticky-section-no e-con e-parent\" data-id=\"3d3e7dd\" data-element_type=\"container\">\n\t\t\t\t\t<div class=\"e-con-inner\">\n\t\t\t\t<div class=\"elementor-element elementor-element-5a2a140 elementor-widget elementor-widget-shortcode\" data-id=\"5a2a140\" data-element_type=\"widget\" data-widget_type=\"shortcode.default\">\n\t\t\t\t<div class=\"elementor-widget-container\">\n\t\t\t\t\t\t\t<div class=\"elementor-shortcode\"><div class=\"map_wrapper\" id=\"map_wrapper_29200\">\n<div class=\"map_box\" style=\"max-width:2200px\">\n<div class=\"map_aspect_ratio\" style=\"padding-top:46%\" data-padding-top=\"46%\" data-padding-top-mobile=\"0%\">\n<div class=\"map_container\">\n<div class=\"map_render map_loading\" id=\"map_29200\"><\/div>\n<\/div>\n<\/div>\n<\/div>\n<\/div><\/div>\n\t\t\t\t\t\t<\/div>\n\t\t\t\t<\/div>\n\t\t\t\t\t<\/div>\n\t\t\t\t<\/div>\n\t\t<div class=\"elementor-element elementor-element-8dc1562 e-flex e-con-boxed wpr-particle-no wpr-jarallax-no wpr-parallax-no wpr-sticky-section-no e-con e-parent\" data-id=\"8dc1562\" data-element_type=\"container\">\n\t\t\t\t\t<div class=\"e-con-inner\">\n\t\t<div class=\"elementor-element elementor-element-01b06f3 e-con-full e-flex wpr-particle-no wpr-jarallax-no wpr-parallax-no wpr-sticky-section-no e-con e-child\" data-id=\"01b06f3\" data-element_type=\"container\">\n\t\t\t\t<div class=\"elementor-element elementor-element-95dd1c1 elementor-widget elementor-widget-shortcode\" data-id=\"95dd1c1\" data-element_type=\"widget\" data-widget_type=\"shortcode.default\">\n\t\t\t\t<div class=\"elementor-widget-container\">\n\t\t\t\t\t\t\t<div class=\"elementor-shortcode\">\n<table id=\"tablepress-2\" class=\"tablepress tablepress-id-2\">\n<thead>\n<tr class=\"row-1\">\n\t<th class=\"column-1\">Instituci\u00f3n<\/th><th class=\"column-2\">Pa\u00eds<\/th><th class=\"column-3\">Sitio Web<\/th>\n<\/tr>\n<\/thead>\n<tbody class=\"row-striping row-hover\">\n<tr class=\"row-2\">\n\t<td class=\"column-1\">Centro Universit\u00e1rio da FEI<\/td><td class=\"column-2\">Brasil<\/td><td class=\"column-3\"><a href=\"https:\/\/www.fei.edu.br\/\">fei.edu.br<\/a><\/td>\n<\/tr>\n<tr class=\"row-3\">\n\t<td class=\"column-1\">Faculdade Jesu\u00edta de Filosofia e Teologia<\/td><td class=\"column-2\">Brasil<\/td><td class=\"column-3\">faje.edu.br<br \/>\n<\/td>\n<\/tr>\n<tr class=\"row-4\">\n\t<td class=\"column-1\">Instituto Especializado de Estudios Superiores Loyola<\/td><td class=\"column-2\">Rep. Dominicana<\/td><td class=\"column-3\">ipl.edu.do<\/td>\n<\/tr>\n<tr class=\"row-5\">\n\t<td class=\"column-1\">Instituto Superior Intercultural Ayuuk<\/td><td class=\"column-2\">M\u00e9xico<\/td><td class=\"column-3\">isia.edu.mx<\/td>\n<\/tr>\n<tr class=\"row-6\">\n\t<td class=\"column-1\">Instituto Superior Pedro Francisco Bon\u00f3<\/td><td class=\"column-2\">Rep. Dominicana<\/td><td class=\"column-3\">bono.edu.do<\/td>\n<\/tr>\n<tr class=\"row-7\">\n\t<td class=\"column-1\">Instituto Tecnol\u00f3gico y de Estudios Superiores de Occidente (ITESO)<\/td><td class=\"column-2\">M\u00e9xico<\/td><td class=\"column-3\">iteso.mx<\/td>\n<\/tr>\n<tr class=\"row-8\">\n\t<td class=\"column-1\">Instituto Universitario Jes\u00fas Obrero (IUJO)<\/td><td class=\"column-2\">Venezuela<\/td><td class=\"column-3\">webiujocatia.wordpress.com<\/td>\n<\/tr>\n<tr class=\"row-9\">\n\t<td class=\"column-1\">Pontificia Universidad Cat\u00f3lica del Ecuador<\/td><td class=\"column-2\">Ecuador<\/td><td class=\"column-3\">puce.edu.ec<\/td>\n<\/tr>\n<tr class=\"row-10\">\n\t<td class=\"column-1\">Pontificia Universidad Javeriana, Bogot\u00e1<\/td><td class=\"column-2\">Colombia<\/td><td class=\"column-3\">javeriana.edu.co<\/td>\n<\/tr>\n<tr class=\"row-11\">\n\t<td class=\"column-1\">Pontificia Universidad Javeriana, Cali<\/td><td class=\"column-2\">Colombia<\/td><td class=\"column-3\">javerianacali.edu.co<\/td>\n<\/tr>\n<tr class=\"row-12\">\n\t<td class=\"column-1\">Pontificia Universidade Cat\u00f3lica do Rio de Janeiro<\/td><td class=\"column-2\">Brasil<\/td><td class=\"column-3\">puc-rio.br<\/td>\n<\/tr>\n<tr class=\"row-13\">\n\t<td class=\"column-1\">Tecnol\u00f3gico Universitario del Valle de Chalco<\/td><td class=\"column-2\">M\u00e9xico<\/td><td class=\"column-3\">tuvch.mx<\/td>\n<\/tr>\n<tr class=\"row-14\">\n\t<td class=\"column-1\">Universidad Alberto Hurtado<\/td><td class=\"column-2\">Chile<\/td><td class=\"column-3\">uahurtado.cl<\/td>\n<\/tr>\n<tr class=\"row-15\">\n\t<td class=\"column-1\">Universidad Antonio Ruiz de Montoya<\/td><td class=\"column-2\">Per\u00fa<\/td><td class=\"column-3\">uarm.edu.pe<\/td>\n<\/tr>\n<tr class=\"row-16\">\n\t<td class=\"column-1\">Universidad Cat\u00f3lica Andr\u00e9s Bello<\/td><td class=\"column-2\">Venezuela<\/td><td class=\"column-3\">ucab.edu.ve<\/td>\n<\/tr>\n<tr class=\"row-17\">\n\t<td class=\"column-1\">Catholic University of C\u00f3rdoba<\/td><td class=\"column-2\">Argentina<\/td><td class=\"column-3\">ucc.edu.ar<\/td>\n<\/tr>\n<tr class=\"row-18\">\n\t<td class=\"column-1\">Universidad Cat\u00f3lica de Pernambuco<\/td><td class=\"column-2\">Brasil<\/td><td class=\"column-3\">unicap.br<\/td>\n<\/tr>\n<tr class=\"row-19\">\n\t<td class=\"column-1\">Universidad Cat\u00f3lica del T\u00e1chira<\/td><td class=\"column-2\">Venezuela<\/td><td class=\"column-3\">ucat.edu.ve<\/td>\n<\/tr>\n<tr class=\"row-20\">\n\t<td class=\"column-1\">Universidad Cat\u00f3lica del Uruguay<\/td><td class=\"column-2\">Uruguay<\/td><td class=\"column-3\">ucu.edu.uy<\/td>\n<\/tr>\n<tr class=\"row-21\">\n\t<td class=\"column-1\">Universidad Centroamericana \"Jos\u00e9 Sime\u00f3n Ca\u00f1as\"<\/td><td class=\"column-2\">El Salvador<\/td><td class=\"column-3\">uca.edu.sv<\/td>\n<\/tr>\n<tr class=\"row-22\">\n\t<td class=\"column-1\">Universidad del Pac\u00edfico<\/td><td class=\"column-2\">Per\u00fa<\/td><td class=\"column-3\">up.edu.pe<\/td>\n<\/tr>\n<tr class=\"row-23\">\n\t<td class=\"column-1\">Universidad del Salvador<\/td><td class=\"column-2\">Argentina<\/td><td class=\"column-3\">usal.edu.ar<\/td>\n<\/tr>\n<tr class=\"row-24\">\n\t<td class=\"column-1\">Universidad Iberoamericana Ciudad de M\u00e9xico<\/td><td class=\"column-2\">M\u00e9xico<\/td><td class=\"column-3\">ibero.mx<\/td>\n<\/tr>\n<tr class=\"row-25\">\n\t<td class=\"column-1\">Universidad Iberoamericana Le\u00f3n<\/td><td class=\"column-2\">M\u00e9xico<\/td><td class=\"column-3\">iberoleon.mx<\/td>\n<\/tr>\n<tr class=\"row-26\">\n\t<td class=\"column-1\">Universidad Iberoamericana Puebla<\/td><td class=\"column-2\">M\u00e9xico<\/td><td class=\"column-3\">iberopuebla.mx<\/td>\n<\/tr>\n<tr class=\"row-27\">\n\t<td class=\"column-1\">Universidad Iberoamericana Tijuana<\/td><td class=\"column-2\">M\u00e9xico<\/td><td class=\"column-3\">tijuana.ibero.mx<\/td>\n<\/tr>\n<tr class=\"row-28\">\n\t<td class=\"column-1\">Universidad Iberoamericana Torre\u00f3n<\/td><td class=\"column-2\">M\u00e9xico<\/td><td class=\"column-3\">iberotorreon.mx<\/td>\n<\/tr>\n<tr class=\"row-29\">\n\t<td class=\"column-1\">Universidad Jesuita del Paraguay<\/td><td class=\"column-2\">Paraguay<\/td><td class=\"column-3\">ujp.edu.py<\/td>\n<\/tr>\n<tr class=\"row-30\">\n\t<td class=\"column-1\">Rafael Landivar Univeristy<\/td><td class=\"column-2\">Guatemala<\/td><td class=\"column-3\">url.edu.gt<\/td>\n<\/tr>\n<tr class=\"row-31\">\n\t<td class=\"column-1\">Universidade do Vale do Rio dos Sinos (UNISINOS)<\/td><td class=\"column-2\">Brasil<\/td><td class=\"column-3\">unisinos.br<\/td>\n<\/tr>\n<\/tbody>\n<\/table>\n<\/div>\n\t\t\t\t\t\t<\/div>\n\t\t\t\t<\/div>\n\t\t\t\t<\/div>\n\t\t\t\t\t<\/div>\n\t\t\t\t<\/div>\n\t\t\t\t<\/div>","protected":false},"excerpt":{"rendered":"<p>Universidades 30 universidades jesuitas en red Navega el mapa interactivo y descubre nuestras instituciones en 14 pa\u00edses de Am\u00e9rica Latina.<\/p>","protected":false},"author":3,"featured_media":0,"parent":0,"menu_order":0,"comment_status":"closed","ping_status":"closed","template":"","meta":{"cybocfi_hide_featured_image":"","footnotes":""},"class_list":["post-26421","page","type-page","status-publish","hentry"],"_links":{"self":[{"href":"https:\/\/www.ausjal.org\/en\/wp-json\/wp\/v2\/pages\/26421","targetHints":{"allow":["GET"]}}],"collection":[{"href":"https:\/\/www.ausjal.org\/en\/wp-json\/wp\/v2\/pages"}],"about":[{"href":"https:\/\/www.ausjal.org\/en\/wp-json\/wp\/v2\/types\/page"}],"author":[{"embeddable":true,"href":"https:\/\/www.ausjal.org\/en\/wp-json\/wp\/v2\/users\/3"}],"replies":[{"embeddable":true,"href":"https:\/\/www.ausjal.org\/en\/wp-json\/wp\/v2\/comments?post=26421"}],"version-history":[{"count":34,"href":"https:\/\/www.ausjal.org\/en\/wp-json\/wp\/v2\/pages\/26421\/revisions"}],"predecessor-version":[{"id":32804,"href":"https:\/\/www.ausjal.org\/en\/wp-json\/wp\/v2\/pages\/26421\/revisions\/32804"}],"wp:attachment":[{"href":"https:\/\/www.ausjal.org\/en\/wp-json\/wp\/v2\/media?parent=26421"}],"curies":[{"name":"wp","href":"https:\/\/api.w.org\/{rel}","templated":true}]}}